{"id":4248,"date":"2022-07-21T09:42:24","date_gmt":"2022-07-21T07:42:24","guid":{"rendered":"https:\/\/hotel-gloria-lourdes.com\/?page_id=4248"},"modified":"2022-07-21T18:02:57","modified_gmt":"2022-07-21T16:02:57","slug":"mentions-legales","status":"publish","type":"page","link":"http:\/\/hotel-gloria-lourdes.com\/en\/mentions-legales\/","title":{"rendered":"<p>Legal Notice<\/p>"},"content":{"rendered":"<div data-elementor-type=\"wp-page\" data-elementor-id=\"4248\" class=\"elementor elementor-4248\">\n\t\t\t\t\t\t\t\t\t<section class=\"elementor-section elementor-top-section elementor-element elementor-element-77f536b elementor-section-boxed elementor-section-height-default elementor-section-height-default\" data-id=\"77f536b\" data-element_type=\"section\">\n\t\t\t\t\t\t<div class=\"elementor-container elementor-column-gap-default\">\n\t\t\t\t\t<div class=\"elementor-column elementor-col-100 elementor-top-column elementor-element elementor-element-efe8dd5\" data-id=\"efe8dd5\" data-element_type=\"column\">\n\t\t\t<div class=\"elementor-widget-wrap elementor-element-populated\">\n\t\t\t\t\t\t\t\t<div class=\"elementor-element elementor-element-32f9de3 elementor-widget elementor-widget-text-editor\" data-id=\"32f9de3\" data-element_type=\"widget\" data-widget_type=\"text-editor.default\">\n\t\t\t\t<div class=\"elementor-widget-container\">\n\t\t\t<style>\/*! elementor - v3.11.2 - 22-02-2023 *\/\n.elementor-widget-text-editor.elementor-drop-cap-view-stacked .elementor-drop-cap{background-color:#818a91;color:#fff}.elementor-widget-text-editor.elementor-drop-cap-view-framed .elementor-drop-cap{color:#818a91;border:3px solid;background-color:transparent}.elementor-widget-text-editor:not(.elementor-drop-cap-view-default) .elementor-drop-cap{margin-top:8px}.elementor-widget-text-editor:not(.elementor-drop-cap-view-default) .elementor-drop-cap-letter{width:1em;height:1em}.elementor-widget-text-editor .elementor-drop-cap{float:left;text-align:center;line-height:1;font-size:50px}.elementor-widget-text-editor .elementor-drop-cap-letter{display:inline-block}<\/style>\t\t\t\t<h2>Who are we ?<\/h2>\n<p>The address of our site is: <a href=\"http:\/\/hotel-gloria-lourdes.com\/en\/\">https:\/\/hotel-gloria-lourdes.com<\/a><\/p>\n<p><strong>Website address:<\/strong><a href=\"http:\/\/hotel-gloria-lourdes.com\/en\/\">https:\/\/hotel-gloria-lourdes.com<\/a><br><strong>Site editor\/company name:<\/strong>&nbsp;<span style=\"box-sizing: inherit; position: relative;\">SARL CPGH<\/span><span style=\"box-sizing: inherit; position: relative;\"><br><\/span><span style=\"box-sizing: inherit; position: relative;\"><br><\/span><strong>The head office :<\/strong> 30 AV PEYRAMALE 65100 LOURDES<br><strong>SIRET:<\/strong>&nbsp;39262450800033<br><strong>Contact information :<\/strong><br>Booking@Hotel-Gloria-Lourdes.Com<br>Telephone: (+33) 5 62 94 23 48<br><strong>Contact details of the host:<\/strong><\/p>\n<p>OVH<br>SAS with a capital of 10,174,560?<\/p>\n<p>RCS Lille M\u00e9tropole 424 761 419 00045<br>APE code 2620Z<br>VAT number: FR 22 424 761 419<br>Head office: 2 rue Kellermann \u2013 59100 Roubaix \u2013 France<\/p>\n<p>Website <a href=\"http:\/\/hotel-gloria-lourdes.com\/en\/\">https:\/\/hotel-gloria-lourdes.com <\/a>&nbsp;is the exclusive property of SARL CPGH.<\/p>\n<p>Consultation of the Site is subject to full acceptance and compliance by Internet users with the following conditions of use.<\/p>\n<p>The Internet user undertakes to make personal and non-commercial use of the information contained on the Site. In the event of non-compliance with the provisions of these legal notices, by the Internet user, his civil and\/or criminal liability may be incurred.<\/p>\n<h2>Comments<\/h2>\n<p>When you leave a comment on our site, the data entered in the comment form, as well as your IP address and the user agent of your browser are collected to help us detect unwanted comments.<\/p>\n<p>An anonymized string created from your email address (also called a hash) can be sent to the Gravatar service to check if you are using it. The confidentiality clauses of the Gravatar service are available here: https:\/\/automattic.com\/privacy\/. After validation of your comment, your profile photo will be publicly visible next to your comment.<\/p>\n<h2>Media<\/h2>\n<p>If you upload images to the site, we advise you to avoid uploading images containing EXIF data of GPS coordinates. People visiting your site can download and extract location data from these images.<\/p>\n<h2>Cookies<\/h2>\n<p>If you leave a comment on our site, you will be offered to save your name, e-mail address and site in cookies. This is for your comfort only so that you do not have to enter this information if you file another comment later. These cookies expire after one year.<\/p>\n<p>If you go to the login page, a temporary cookie will be created to determine if your browser accepts cookies. It does not contain personal data and will be deleted automatically when you close your browser.<\/p>\n<p>When you log in, we will set up a number of cookies to save your login details and screen preferences. The lifetime of a connection cookie is two days, that of a screen option cookie is one year. If you check \u201cRemember me\u201d, your login cookie will be kept for two weeks. If you log out of your account, the login cookie will be erased.<\/p>\n<p>By editing or publishing a post, an additional cookie will be saved in your browser. This cookie does not include any personal data. It just shows the ID of the post you just edited. It expires after one day.<\/p>\n<h2>Google Analytics<\/h2>\n<p><span style=\"color: var( --e-global-color-text ); font-family: var( --e-global-typography-text-font-family ), Sans-serif; font-weight: var( --e-global-typography-text-font-weight );\">SARL CPGH<\/span>&nbsp;uses Google Analytics to track users on this Site.<\/p>\n<p>Cookies are used by Google Analytics to collect this data.<\/p>\n<p>In order to comply with the new regulations, Google has included a modification to the processing of data that Internet users can consult on&nbsp;<a href=\"https:\/\/www.google.com\/analytics\/terms\/dpa\/dataprocessingamendment_20130906.html\" target=\"_blank\" rel=\"noreferrer noopener\">next page<\/a>.<\/p>\n<p>The&nbsp;<span style=\"color: var( --e-global-color-text ); font-family: var( --e-global-typography-text-font-family ), Sans-serif; font-weight: var( --e-global-typography-text-font-weight );\">SARL CPGH<\/span><span style=\"color: var( --e-global-color-text ); font-family: var( --e-global-typography-text-font-family ), Sans-serif; font-weight: var( --e-global-typography-text-font-weight );\">&nbsp;undertakes to treat the data collected anonymously and to deactivate &quot;data sharing&quot;.<\/span><\/p>\n<h2>Embedded content from other sites<\/h2>\n<p>Articles on this site may include embedded content (eg videos, images, articles?). Content embedded from other sites behaves in the same way as if the visitor were to come to that other site.<\/p>\n<p>These websites could collect data about you, use cookies, embed third-party tracking tools, track your interactions with this embedded content if you have an account connected to their website.<\/p>\n<h2>Use and transmission of your personal data<\/h2>\n<p>If you request a password reset, your IP address will be included in the reset email.<\/p>\n<h2>Storage times for your data<\/h2>\n<p>If you leave a comment, the comment and its metadata are retained indefinitely. This automatically recognizes and approves subsequent comments instead of leaving them in the moderation queue.<\/p>\n<p>For accounts that register on our site (if applicable), we also store the personal data listed in their profile. All accounts can see, modify or delete their personal information at any time (except their identifier). Site managers can also view and edit this information.<\/p>\n<h2>The rights you have over your data<\/h2>\n<p>If you have an account or if you have left comments on the site, you can request to receive a file containing all the personal data that we have about you, including those that you have provided to us. You can also request the deletion of personal data concerning you. This does not take into account data stored for administrative, legal or security reasons.<\/p>\n<h2>Transmission of your personal data<\/h2>\n<p>Visitor comments may be checked through an automated spam detection service.<\/p>\t\t\t\t\t\t<\/div>\n\t\t\t\t<\/div>\n\t\t\t\t\t<\/div>\n\t\t<\/div>\n\t\t\t\t\t\t\t<\/div>\n\t\t<\/section>\n\t\t\t\t\t\t\t<\/div>","protected":false},"excerpt":{"rendered":"<p>Who are we ?<br>\nThe address of our site is: https:\/\/hotel-gloria-lourdes.com<br>\nWebsite address: https:\/\/hotel-gloria-lourdes.com Website editor\/company name: SARL CPGH<br>\nHead office: 30 AV PEYRAMALE 65100 LOURDESSIRET: 39262450800033 Contact details: Booking@Hotel-Gloria-Lourdes.Com Telephone: (+33) 5 62 94 23 48 Host contact details:<br>\nOVHSAS with a capital of 10,174,560?<br>\nRCS Lille M\u00e9tropole 424 761 419 00045 Code APE <\/p>","protected":false},"author":1,"featured_media":0,"parent":0,"menu_order":0,"comment_status":"closed","ping_status":"closed","template":"","meta":{"footnotes":""},"class_list":["post-4248","page","type-page","status-publish","hentry"],"yoast_head":"<!-- This site is optimized with the Yoast SEO plugin v22.0 - https:\/\/yoast.com\/wordpress\/plugins\/seo\/ -->\n<title>Mentions l\u00e9gales - H\u00f4tel Gloria &amp; Avenue<\/title>\n<meta name=\"robots\" content=\"index, follow, max-snippet:-1, max-image-preview:large, max-video-preview:-1\" \/>\n<link rel=\"canonical\" href=\"http:\/\/hotel-gloria-lourdes.com\/en\/mentions-legales\/\" \/>\n<meta property=\"og:locale\" content=\"en_US\" \/>\n<meta property=\"og:type\" content=\"article\" \/>\n<meta property=\"og:title\" content=\"Mentions l\u00e9gales - H\u00f4tel Gloria &amp; Avenue\" \/>\n<meta property=\"og:description\" content=\"Qui sommes-nous&nbsp;? L\u2019adresse de notre site est : https:\/\/hotel-gloria-lourdes.com Adresse du site Web :https:\/\/hotel-gloria-lourdes.comEditeur du site\/raison sociale :&nbsp;SARL CPGH Si\u00e8ge social : 30 AV PEYRAMALE 65100 LOURDESSIRET :&nbsp;39262450800033Coordonn\u00e9es :Booking@Hotel-Gloria-Lourdes.ComT\u00e9l\u00e9phone : (+33) 5 62 94 23 48Coordonn\u00e9es de l\u2019h\u00e9bergeur : OVHSAS au capital de 10 174 560 \u20ac RCS Lille M\u00e9tropole 424 761 419 00045Code APE\" \/>\n<meta property=\"og:url\" content=\"http:\/\/hotel-gloria-lourdes.com\/en\/mentions-legales\/\" \/>\n<meta property=\"og:site_name\" content=\"H\u00f4tel Gloria &amp; Avenue\" \/>\n<meta property=\"article:publisher\" content=\"https:\/\/fr-fr.facebook.com\/HotelGloriaEtAvenue\/\" \/>\n<meta property=\"article:modified_time\" content=\"2022-07-21T16:02:57+00:00\" \/>\n<meta name=\"twitter:card\" content=\"summary_large_image\" \/>\n<meta name=\"twitter:label1\" content=\"Est. reading time\" \/>\n\t<meta name=\"twitter:data1\" content=\"5 minutes\" \/>\n<script type=\"application\/ld+json\" class=\"yoast-schema-graph\">{\"@context\":\"https:\/\/schema.org\",\"@graph\":[{\"@type\":\"WebPage\",\"@id\":\"https:\/\/hotel-gloria-lourdes.com\/mentions-legales\/\",\"url\":\"https:\/\/hotel-gloria-lourdes.com\/mentions-legales\/\",\"name\":\"Mentions l\u00e9gales - H\u00f4tel Gloria &amp; Avenue\",\"isPartOf\":{\"@id\":\"https:\/\/hotel-gloria-lourdes.com\/#website\"},\"datePublished\":\"2022-07-21T07:42:24+00:00\",\"dateModified\":\"2022-07-21T16:02:57+00:00\",\"breadcrumb\":{\"@id\":\"https:\/\/hotel-gloria-lourdes.com\/mentions-legales\/#breadcrumb\"},\"inLanguage\":\"en-US\",\"potentialAction\":[{\"@type\":\"ReadAction\",\"target\":[\"https:\/\/hotel-gloria-lourdes.com\/mentions-legales\/\"]}]},{\"@type\":\"BreadcrumbList\",\"@id\":\"https:\/\/hotel-gloria-lourdes.com\/mentions-legales\/#breadcrumb\",\"itemListElement\":[{\"@type\":\"ListItem\",\"position\":1,\"name\":\"Accueil\",\"item\":\"https:\/\/hotel-gloria-lourdes.com\/\"},{\"@type\":\"ListItem\",\"position\":2,\"name\":\"Mentions l\u00e9gales\"}]},{\"@type\":\"WebSite\",\"@id\":\"https:\/\/hotel-gloria-lourdes.com\/#website\",\"url\":\"https:\/\/hotel-gloria-lourdes.com\/\",\"name\":\"H\u00f4tel Gloria &amp; Avenue\",\"description\":\"Lourdes ***\",\"publisher\":{\"@id\":\"https:\/\/hotel-gloria-lourdes.com\/#organization\"},\"potentialAction\":[{\"@type\":\"SearchAction\",\"target\":{\"@type\":\"EntryPoint\",\"urlTemplate\":\"https:\/\/hotel-gloria-lourdes.com\/?s={search_term_string}\"},\"query-input\":\"required name=search_term_string\"}],\"inLanguage\":\"en-US\"},{\"@type\":\"Organization\",\"@id\":\"https:\/\/hotel-gloria-lourdes.com\/#organization\",\"name\":\"H\u00f4tel Gloria & Avenue\",\"url\":\"https:\/\/hotel-gloria-lourdes.com\/\",\"logo\":{\"@type\":\"ImageObject\",\"inLanguage\":\"en-US\",\"@id\":\"https:\/\/hotel-gloria-lourdes.com\/#\/schema\/logo\/image\/\",\"url\":\"https:\/\/hotel-gloria-lourdes.com\/wp-content\/uploads\/2021\/07\/Logo-Hotel-Gloria-Avenue-site-bleu.png\",\"contentUrl\":\"https:\/\/hotel-gloria-lourdes.com\/wp-content\/uploads\/2021\/07\/Logo-Hotel-Gloria-Avenue-site-bleu.png\",\"width\":695,\"height\":500,\"caption\":\"H\u00f4tel Gloria & Avenue\"},\"image\":{\"@id\":\"https:\/\/hotel-gloria-lourdes.com\/#\/schema\/logo\/image\/\"},\"sameAs\":[\"https:\/\/fr-fr.facebook.com\/HotelGloriaEtAvenue\/\"]}]}<\/script>\n<!-- \/ Yoast SEO plugin. -->","yoast_head_json":{"title":"Mentions l\u00e9gales - H\u00f4tel Gloria &amp; Avenue","robots":{"index":"index","follow":"follow","max-snippet":"max-snippet:-1","max-image-preview":"max-image-preview:large","max-video-preview":"max-video-preview:-1"},"canonical":"http:\/\/hotel-gloria-lourdes.com\/en\/mentions-legales\/","og_locale":"en_US","og_type":"article","og_title":"Mentions l\u00e9gales - H\u00f4tel Gloria &amp; Avenue","og_description":"Qui sommes-nous&nbsp;? L\u2019adresse de notre site est : https:\/\/hotel-gloria-lourdes.com Adresse du site Web :https:\/\/hotel-gloria-lourdes.comEditeur du site\/raison sociale :&nbsp;SARL CPGH Si\u00e8ge social : 30 AV PEYRAMALE 65100 LOURDESSIRET :&nbsp;39262450800033Coordonn\u00e9es :Booking@Hotel-Gloria-Lourdes.ComT\u00e9l\u00e9phone : (+33) 5 62 94 23 48Coordonn\u00e9es de l\u2019h\u00e9bergeur : OVHSAS au capital de 10 174 560 \u20ac RCS Lille M\u00e9tropole 424 761 419 00045Code APE","og_url":"http:\/\/hotel-gloria-lourdes.com\/en\/mentions-legales\/","og_site_name":"H\u00f4tel Gloria &amp; Avenue","article_publisher":"https:\/\/fr-fr.facebook.com\/HotelGloriaEtAvenue\/","article_modified_time":"2022-07-21T16:02:57+00:00","twitter_card":"summary_large_image","twitter_misc":{"Est. reading time":"5 minutes"},"schema":{"@context":"https:\/\/schema.org","@graph":[{"@type":"WebPage","@id":"https:\/\/hotel-gloria-lourdes.com\/mentions-legales\/","url":"https:\/\/hotel-gloria-lourdes.com\/mentions-legales\/","name":"Mentions l\u00e9gales - H\u00f4tel Gloria &amp; Avenue","isPartOf":{"@id":"https:\/\/hotel-gloria-lourdes.com\/#website"},"datePublished":"2022-07-21T07:42:24+00:00","dateModified":"2022-07-21T16:02:57+00:00","breadcrumb":{"@id":"https:\/\/hotel-gloria-lourdes.com\/mentions-legales\/#breadcrumb"},"inLanguage":"en-US","potentialAction":[{"@type":"ReadAction","target":["https:\/\/hotel-gloria-lourdes.com\/mentions-legales\/"]}]},{"@type":"BreadcrumbList","@id":"https:\/\/hotel-gloria-lourdes.com\/mentions-legales\/#breadcrumb","itemListElement":[{"@type":"ListItem","position":1,"name":"Accueil","item":"https:\/\/hotel-gloria-lourdes.com\/"},{"@type":"ListItem","position":2,"name":"Mentions l\u00e9gales"}]},{"@type":"WebSite","@id":"https:\/\/hotel-gloria-lourdes.com\/#website","url":"https:\/\/hotel-gloria-lourdes.com\/","name":"H\u00f4tel Gloria &amp; Avenue","description":"Lourdes ***","publisher":{"@id":"https:\/\/hotel-gloria-lourdes.com\/#organization"},"potentialAction":[{"@type":"SearchAction","target":{"@type":"EntryPoint","urlTemplate":"https:\/\/hotel-gloria-lourdes.com\/?s={search_term_string}"},"query-input":"required name=search_term_string"}],"inLanguage":"en-US"},{"@type":"Organization","@id":"https:\/\/hotel-gloria-lourdes.com\/#organization","name":"H\u00f4tel Gloria & Avenue","url":"https:\/\/hotel-gloria-lourdes.com\/","logo":{"@type":"ImageObject","inLanguage":"en-US","@id":"https:\/\/hotel-gloria-lourdes.com\/#\/schema\/logo\/image\/","url":"https:\/\/hotel-gloria-lourdes.com\/wp-content\/uploads\/2021\/07\/Logo-Hotel-Gloria-Avenue-site-bleu.png","contentUrl":"https:\/\/hotel-gloria-lourdes.com\/wp-content\/uploads\/2021\/07\/Logo-Hotel-Gloria-Avenue-site-bleu.png","width":695,"height":500,"caption":"H\u00f4tel Gloria & Avenue"},"image":{"@id":"https:\/\/hotel-gloria-lourdes.com\/#\/schema\/logo\/image\/"},"sameAs":["https:\/\/fr-fr.facebook.com\/HotelGloriaEtAvenue\/"]}]}},"_links":{"self":[{"href":"http:\/\/hotel-gloria-lourdes.com\/en\/wp-json\/wp\/v2\/pages\/4248","targetHints":{"allow":["GET"]}}],"collection":[{"href":"http:\/\/hotel-gloria-lourdes.com\/en\/wp-json\/wp\/v2\/pages"}],"about":[{"href":"http:\/\/hotel-gloria-lourdes.com\/en\/wp-json\/wp\/v2\/types\/page"}],"author":[{"embeddable":true,"href":"http:\/\/hotel-gloria-lourdes.com\/en\/wp-json\/wp\/v2\/users\/1"}],"replies":[{"embeddable":true,"href":"http:\/\/hotel-gloria-lourdes.com\/en\/wp-json\/wp\/v2\/comments?post=4248"}],"version-history":[{"count":0,"href":"http:\/\/hotel-gloria-lourdes.com\/en\/wp-json\/wp\/v2\/pages\/4248\/revisions"}],"wp:attachment":[{"href":"http:\/\/hotel-gloria-lourdes.com\/en\/wp-json\/wp\/v2\/media?parent=4248"}],"curies":[{"name":"wp","href":"https:\/\/api.w.org\/{rel}","templated":true}]}}