{"id":4291,"date":"2022-10-04T22:26:12","date_gmt":"2022-10-04T20:26:12","guid":{"rendered":"https:\/\/hotel-gloria-lourdes.com\/?page_id=4291"},"modified":"2026-03-11T22:11:16","modified_gmt":"2026-03-11T21:11:16","slug":"hotel-gloria-avenue","status":"publish","type":"page","link":"http:\/\/hotel-gloria-lourdes.com\/en\/hotel-gloria-avenue\/","title":{"rendered":"<p>Hotel Gloria &amp; Avenue<\/p>"},"content":{"rendered":"<div data-elementor-type=\"wp-page\" data-elementor-id=\"4291\" class=\"elementor elementor-4291\">\n\t\t\t\t\t\t\t\t\t<section class=\"elementor-section elementor-top-section elementor-element elementor-element-35f6af5 elementor-section-boxed elementor-section-height-default elementor-section-height-default\" data-id=\"35f6af5\" data-element_type=\"section\">\n\t\t\t\t\t\t<div class=\"elementor-container elementor-column-gap-default\">\n\t\t\t\t\t<div class=\"elementor-column elementor-col-100 elementor-top-column elementor-element elementor-element-fa53527\" data-id=\"fa53527\" data-element_type=\"column\">\n\t\t\t<div class=\"elementor-widget-wrap elementor-element-populated\">\n\t\t\t\t\t\t\t\t<div class=\"elementor-element elementor-element-72e8df4 elementor-widget elementor-widget-heading\" data-id=\"72e8df4\" data-element_type=\"widget\" data-widget_type=\"heading.default\">\n\t\t\t\t<div class=\"elementor-widget-container\">\n\t\t\t<style>\/*! elementor - v3.11.2 - 22-02-2023 *\/\n.elementor-heading-title{padding:0;margin:0;line-height:1}.elementor-widget-heading .elementor-heading-title[class*=elementor-size-]>a{color:inherit;font-size:inherit;line-height:inherit}.elementor-widget-heading .elementor-heading-title.elementor-size-small{font-size:15px}.elementor-widget-heading .elementor-heading-title.elementor-size-medium{font-size:19px}.elementor-widget-heading .elementor-heading-title.elementor-size-large{font-size:29px}.elementor-widget-heading .elementor-heading-title.elementor-size-xl{font-size:39px}.elementor-widget-heading .elementor-heading-title.elementor-size-xxl{font-size:59px}<\/style><h1 class=\"elementor-heading-title elementor-size-xxl\">Hotel Gloria &amp; Avenue<\/h1>\t\t<\/div>\n\t\t\t\t<\/div>\n\t\t\t\t<div class=\"elementor-element elementor-element-dbc5978 elementor-widget elementor-widget-text-editor\" data-id=\"dbc5978\" data-element_type=\"widget\" data-widget_type=\"text-editor.default\">\n\t\t\t\t<div class=\"elementor-widget-container\">\n\t\t\t<style>\/*! elementor - v3.11.2 - 22-02-2023 *\/\n.elementor-widget-text-editor.elementor-drop-cap-view-stacked .elementor-drop-cap{background-color:#818a91;color:#fff}.elementor-widget-text-editor.elementor-drop-cap-view-framed .elementor-drop-cap{color:#818a91;border:3px solid;background-color:transparent}.elementor-widget-text-editor:not(.elementor-drop-cap-view-default) .elementor-drop-cap{margin-top:8px}.elementor-widget-text-editor:not(.elementor-drop-cap-view-default) .elementor-drop-cap-letter{width:1em;height:1em}.elementor-widget-text-editor .elementor-drop-cap{float:left;text-align:center;line-height:1;font-size:50px}.elementor-widget-text-editor .elementor-drop-cap-letter{display:inline-block}<\/style>\t\t\t\t<p style=\"text-align: center;\">The Hotel Gloria Avenue offers 31 Comfort and Superior rooms, all air-conditioned, most with balconies and views of the Gave and the Ch\u00e2teau Fort, as well as PRM rooms with the TOURISME ET HANDICAP label.<\/p><p><img loading=\"lazy\" decoding=\"async\" class=\"aligncenter wp-image-4011 size-thumbnail\" src=\"https:\/\/hotel-gloria-lourdes.com\/wp-content\/uploads\/2022\/02\/Label-tourisme-et-handicap-150x150.jpg\" alt=\"\" width=\"150\" height=\"150\"><\/p>\t\t\t\t\t\t<\/div>\n\t\t\t\t<\/div>\n\t\t\t\t\t<\/div>\n\t\t<\/div>\n\t\t\t\t\t\t\t<\/div>\n\t\t<\/section>\n\t\t\t\t<section class=\"elementor-section elementor-top-section elementor-element elementor-element-c9dc579 elementor-section-boxed elementor-section-height-default elementor-section-height-default\" data-id=\"c9dc579\" data-element_type=\"section\">\n\t\t\t\t\t\t<div class=\"elementor-container elementor-column-gap-default\">\n\t\t\t\t\t<div class=\"elementor-column elementor-col-100 elementor-top-column elementor-element elementor-element-944a36b\" data-id=\"944a36b\" data-element_type=\"column\">\n\t\t\t<div class=\"elementor-widget-wrap elementor-element-populated\">\n\t\t\t\t\t\t\t\t<div class=\"elementor-element elementor-element-06821c2 elementor-widget elementor-widget-thim-tour\" data-id=\"06821c2\" data-element_type=\"widget\" data-widget_type=\"thim-tour.default\">\n\t\t\t\t<div class=\"elementor-widget-container\">\n\t\t\t<div class=\"thim_tours_slider\" data-number_show=\"3\"><ul class=\"owl-carousel\"><li><img decoding=\"async\" src=\"https:\/\/hotel-gloria-lourdes.com\/wp-content\/uploads\/2021\/04\/FLO_0744-434x446.jpg\" alt=\"Hotel Gloria &amp; Avenue\"><div class=\"tour_price\"><span class=\"price\">130\u20ac<\/span><span class=\"unit\">per night<\/span><\/div><div class=\"tour_content\"><span class=\"tour_infosale\"><\/span><h3 class=\"tour_name\"><a href=\"http:\/\/hotel-gloria-lourdes.com\/en\/chambres\/suite-junior-avenue\/\" target=\"_self\">junior suite<\/a><\/h3><\/div><\/li><li><img decoding=\"async\" src=\"https:\/\/hotel-gloria-lourdes.com\/wp-content\/uploads\/2021\/04\/FLO_0748-434x446.jpg\" alt=\"Hotel Gloria &amp; Avenue\"><div class=\"tour_price\"><span class=\"price\">102&euro;<\/span><span class=\"unit\">per night<\/span><\/div><div class=\"tour_content\"><span class=\"tour_infosale\"><\/span><h3 class=\"tour_name\"><a href=\"http:\/\/hotel-gloria-lourdes.com\/en\/chambres\/pmr-avenue\/\" target=\"_self\">Labeled PRM room<\/a><\/h3><\/div><\/li><li><img decoding=\"async\" src=\"https:\/\/hotel-gloria-lourdes.com\/wp-content\/uploads\/2021\/07\/FLO_0712-434x446.jpg\" alt=\"Hotel Gloria &amp; Avenue\"><div class=\"tour_price\"><span class=\"price\">95&euro;<\/span><span class=\"unit\">per night<\/span><\/div><div class=\"tour_content\"><span class=\"tour_infosale\"><\/span><h3 class=\"tour_name\"><a href=\"http:\/\/hotel-gloria-lourdes.com\/en\/chambres\/premium-twin\/\" target=\"_self\">Twin\/Double Superior<\/a><\/h3><\/div><\/li><\/ul><\/div>\t\t<\/div>\n\t\t\t\t<\/div>\n\t\t\t\t\t<\/div>\n\t\t<\/div>\n\t\t\t\t\t\t\t<\/div>\n\t\t<\/section>\n\t\t\t\t<section class=\"elementor-section elementor-top-section elementor-element elementor-element-0689932 elementor-section-boxed elementor-section-height-default elementor-section-height-default\" data-id=\"0689932\" data-element_type=\"section\">\n\t\t\t\t\t\t<div class=\"elementor-container elementor-column-gap-default\">\n\t\t\t\t\t<div class=\"elementor-column elementor-col-100 elementor-top-column elementor-element elementor-element-0baa326\" data-id=\"0baa326\" data-element_type=\"column\">\n\t\t\t<div class=\"elementor-widget-wrap elementor-element-populated\">\n\t\t\t\t\t\t\t\t<div class=\"elementor-element elementor-element-c75e189 elementor-widget elementor-widget-thim-tour\" data-id=\"c75e189\" data-element_type=\"widget\" data-widget_type=\"thim-tour.default\">\n\t\t\t\t<div class=\"elementor-widget-container\">\n\t\t\t<div class=\"thim_tours_slider\" data-number_show=\"3\"><ul class=\"owl-carousel\"><li><img decoding=\"async\" src=\"https:\/\/hotel-gloria-lourdes.com\/wp-content\/uploads\/2022\/09\/FLO_5465-434x446.jpg\" alt=\"Hotel Gloria &amp; Avenue\"><div class=\"tour_price\"><span class=\"price\">102&euro;<\/span><span class=\"unit\">per night<\/span><\/div><div class=\"tour_content\"><span class=\"tour_infosale\"><\/span><h3 class=\"tour_name\"><a href=\"http:\/\/hotel-gloria-lourdes.com\/en\/chambres\/confort-triple-avenue\/\" target=\"_self\">Triple Comfort<\/a><\/h3><\/div><\/li><li><img decoding=\"async\" src=\"https:\/\/hotel-gloria-lourdes.com\/wp-content\/uploads\/2021\/04\/FLO_0748-434x446.jpg\" alt=\"Hotel Gloria &amp; Avenue\"><div class=\"tour_price\"><span class=\"price\">85&euro;<\/span><span class=\"unit\">per night<\/span><\/div><div class=\"tour_content\"><span class=\"tour_infosale\"><\/span><h3 class=\"tour_name\"><a href=\"http:\/\/hotel-gloria-lourdes.com\/en\/chambres\/confort-double-avenue\/\" target=\"_self\">Comfort Twin\/Double<\/a><\/h3><\/div><\/li><li><img decoding=\"async\" src=\"https:\/\/hotel-gloria-lourdes.com\/wp-content\/uploads\/2021\/07\/FLO_0712-434x446.jpg\" alt=\"Hotel Gloria &amp; Avenue\"><div class=\"tour_price\"><span class=\"price\">85&euro;<\/span><span class=\"unit\">per night<\/span><\/div><div class=\"tour_content\"><span class=\"tour_infosale\"><\/span><h3 class=\"tour_name\"><a href=\"http:\/\/hotel-gloria-lourdes.com\/en\/chambres\/single-superieure\/\" target=\"_self\">Premium Single<\/a><\/h3><\/div><\/li><\/ul><\/div>\t\t<\/div>\n\t\t\t\t<\/div>\n\t\t\t\t\t<\/div>\n\t\t<\/div>\n\t\t\t\t\t\t\t<\/div>\n\t\t<\/section>\n\t\t\t\t<section class=\"elementor-section elementor-top-section elementor-element elementor-element-75c085c elementor-section-boxed elementor-section-height-default elementor-section-height-default\" data-id=\"75c085c\" data-element_type=\"section\">\n\t\t\t\t\t\t<div class=\"elementor-container elementor-column-gap-default\">\n\t\t\t\t\t<div class=\"elementor-column elementor-col-33 elementor-top-column elementor-element elementor-element-1815dcf\" data-id=\"1815dcf\" data-element_type=\"column\">\n\t\t\t<div class=\"elementor-widget-wrap\">\n\t\t\t\t\t\t\t\t\t<\/div>\n\t\t<\/div>\n\t\t\t\t<div class=\"elementor-column elementor-col-33 elementor-top-column elementor-element elementor-element-312c62a\" data-id=\"312c62a\" data-element_type=\"column\">\n\t\t\t<div class=\"elementor-widget-wrap elementor-element-populated\">\n\t\t\t\t\t\t\t\t<div class=\"elementor-element elementor-element-ce8b82e elementor-widget elementor-widget-image\" data-id=\"ce8b82e\" data-element_type=\"widget\" data-widget_type=\"image.default\">\n\t\t\t\t<div class=\"elementor-widget-container\">\n\t\t\t<style>\/*! elementor - v3.11.2 - 22-02-2023 *\/\n.elementor-widget-image{text-align:center}.elementor-widget-image a{display:inline-block}.elementor-widget-image a img[src$=\".svg\"]{width:48px}.elementor-widget-image img{vertical-align:middle;display:inline-block}<\/style>\t\t\t\t\t\t\t\t\t\t\t\t\t<a href=\"http:\/\/hotel-gloria-lourdes.com\/en\/chambres\/confort-single-avenue\/\">\n\t\t\t\t\t\t\t<img loading=\"lazy\" decoding=\"async\" width=\"328\" height=\"336\" src=\"https:\/\/hotel-gloria-lourdes.com\/wp-content\/uploads\/2022\/11\/ConfortSingle.png\" class=\"attachment-large size-large wp-image-4526\" alt=\"\" srcset=\"https:\/\/hotel-gloria-lourdes.com\/wp-content\/uploads\/2022\/11\/ConfortSingle.png 328w, https:\/\/hotel-gloria-lourdes.com\/wp-content\/uploads\/2022\/11\/ConfortSingle-293x300.png 293w, https:\/\/hotel-gloria-lourdes.com\/wp-content\/uploads\/2022\/11\/ConfortSingle-12x12.png 12w, https:\/\/hotel-gloria-lourdes.com\/wp-content\/uploads\/2022\/11\/ConfortSingle-60x60.png 60w\" sizes=\"auto, (max-width: 328px) 100vw, 328px\">\t\t\t\t\t\t\t\t<\/a>\n\t\t\t\t\t\t\t\t\t\t\t\t\t\t\t<\/div>\n\t\t\t\t<\/div>\n\t\t\t\t\t<\/div>\n\t\t<\/div>\n\t\t\t\t<div class=\"elementor-column elementor-col-33 elementor-top-column elementor-element elementor-element-822a839\" data-id=\"822a839\" data-element_type=\"column\">\n\t\t\t<div class=\"elementor-widget-wrap\">\n\t\t\t\t\t\t\t\t\t<\/div>\n\t\t<\/div>\n\t\t\t\t\t\t\t<\/div>\n\t\t<\/section>\n\t\t\t\t\t\t\t<\/div>","protected":false},"excerpt":{"rendered":"<p>Hotel Gloria &amp; Avenue<br>\nThe Hotel Gloria Avenue offers 31 Comfort and Superior rooms, all air-conditioned, most with balconies and views of the Gave and the Ch\u00e2teau Fort, as well as PRM rooms with the TOURISME ET HANDICAP label.<p>\n130\u20acper night<br>\njunior suite<\/p><p>102&euro;per night<br>\nLabeled PRM room<\/p><p>95&euro;per night<br>\nTwin\/Double Superior<br>\n<br>\n<\/p><\/p>","protected":false},"author":1,"featured_media":4281,"parent":0,"menu_order":0,"comment_status":"closed","ping_status":"closed","template":"","meta":{"footnotes":""},"class_list":["post-4291","page","type-page","status-publish","has-post-thumbnail","hentry"],"yoast_head":"<!-- This site is optimized with the Yoast SEO plugin v22.0 - https:\/\/yoast.com\/wordpress\/plugins\/seo\/ -->\n<title>H\u00f4tel Gloria &amp; Avenue - H\u00f4tel Gloria &amp; Avenue<\/title>\n<meta name=\"robots\" content=\"index, follow, max-snippet:-1, max-image-preview:large, max-video-preview:-1\" \/>\n<link rel=\"canonical\" href=\"http:\/\/hotel-gloria-lourdes.com\/en\/hotel-gloria-avenue\/\" \/>\n<meta property=\"og:locale\" content=\"en_US\" \/>\n<meta property=\"og:type\" content=\"article\" \/>\n<meta property=\"og:title\" content=\"H\u00f4tel Gloria &amp; Avenue - H\u00f4tel Gloria &amp; Avenue\" \/>\n<meta property=\"og:description\" content=\"H\u00f4tel Gloria &amp; Avenue L&#8217;H\u00f4tel Gloria Avenue propose 31 chambres Confort et Sup\u00e9rieure, toutes climatis\u00e9es, la plupart avec balcon et vue sur le Gave et le Ch\u00e2teau Fort ainsi que les chambres PMR labellis\u00e9es TOURISME ET HANDICAP.  130&euro;per night Suite Junior 102&euro;per night Chambre PMR labellis\u00e9e 95&euro;per night Twin\/Double Sup&#038;eacuterieure\" \/>\n<meta property=\"og:url\" content=\"http:\/\/hotel-gloria-lourdes.com\/en\/hotel-gloria-avenue\/\" \/>\n<meta property=\"og:site_name\" content=\"H\u00f4tel Gloria &amp; Avenue\" \/>\n<meta property=\"article:publisher\" content=\"https:\/\/fr-fr.facebook.com\/HotelGloriaEtAvenue\/\" \/>\n<meta property=\"article:modified_time\" content=\"2026-03-11T21:11:16+00:00\" \/>\n<meta property=\"og:image\" content=\"https:\/\/hotel-gloria-lourdes.com\/wp-content\/uploads\/2022\/09\/DJI_0233-scaled.jpg\" \/>\n\t<meta property=\"og:image:width\" content=\"2560\" \/>\n\t<meta property=\"og:image:height\" content=\"1917\" \/>\n\t<meta property=\"og:image:type\" content=\"image\/jpeg\" \/>\n<meta name=\"twitter:card\" content=\"summary_large_image\" \/>\n<meta name=\"twitter:label1\" content=\"Est. reading time\" \/>\n\t<meta name=\"twitter:data1\" content=\"2 minutes\" \/>\n<script type=\"application\/ld+json\" class=\"yoast-schema-graph\">{\"@context\":\"https:\/\/schema.org\",\"@graph\":[{\"@type\":\"WebPage\",\"@id\":\"https:\/\/hotel-gloria-lourdes.com\/hotel-gloria-avenue\/\",\"url\":\"https:\/\/hotel-gloria-lourdes.com\/hotel-gloria-avenue\/\",\"name\":\"H\u00f4tel Gloria & Avenue - H\u00f4tel Gloria &amp; Avenue\",\"isPartOf\":{\"@id\":\"https:\/\/hotel-gloria-lourdes.com\/#website\"},\"datePublished\":\"2022-10-04T20:26:12+00:00\",\"dateModified\":\"2026-03-11T21:11:16+00:00\",\"breadcrumb\":{\"@id\":\"https:\/\/hotel-gloria-lourdes.com\/hotel-gloria-avenue\/#breadcrumb\"},\"inLanguage\":\"en-US\",\"potentialAction\":[{\"@type\":\"ReadAction\",\"target\":[\"https:\/\/hotel-gloria-lourdes.com\/hotel-gloria-avenue\/\"]}]},{\"@type\":\"BreadcrumbList\",\"@id\":\"https:\/\/hotel-gloria-lourdes.com\/hotel-gloria-avenue\/#breadcrumb\",\"itemListElement\":[{\"@type\":\"ListItem\",\"position\":1,\"name\":\"Accueil\",\"item\":\"https:\/\/hotel-gloria-lourdes.com\/\"},{\"@type\":\"ListItem\",\"position\":2,\"name\":\"H\u00f4tel Gloria &#038; Avenue\"}]},{\"@type\":\"WebSite\",\"@id\":\"https:\/\/hotel-gloria-lourdes.com\/#website\",\"url\":\"https:\/\/hotel-gloria-lourdes.com\/\",\"name\":\"H\u00f4tel Gloria &amp; Avenue\",\"description\":\"Lourdes ***\",\"publisher\":{\"@id\":\"https:\/\/hotel-gloria-lourdes.com\/#organization\"},\"potentialAction\":[{\"@type\":\"SearchAction\",\"target\":{\"@type\":\"EntryPoint\",\"urlTemplate\":\"https:\/\/hotel-gloria-lourdes.com\/?s={search_term_string}\"},\"query-input\":\"required name=search_term_string\"}],\"inLanguage\":\"en-US\"},{\"@type\":\"Organization\",\"@id\":\"https:\/\/hotel-gloria-lourdes.com\/#organization\",\"name\":\"H\u00f4tel Gloria & Avenue\",\"url\":\"https:\/\/hotel-gloria-lourdes.com\/\",\"logo\":{\"@type\":\"ImageObject\",\"inLanguage\":\"en-US\",\"@id\":\"https:\/\/hotel-gloria-lourdes.com\/#\/schema\/logo\/image\/\",\"url\":\"https:\/\/hotel-gloria-lourdes.com\/wp-content\/uploads\/2021\/07\/Logo-Hotel-Gloria-Avenue-site-bleu.png\",\"contentUrl\":\"https:\/\/hotel-gloria-lourdes.com\/wp-content\/uploads\/2021\/07\/Logo-Hotel-Gloria-Avenue-site-bleu.png\",\"width\":695,\"height\":500,\"caption\":\"H\u00f4tel Gloria & Avenue\"},\"image\":{\"@id\":\"https:\/\/hotel-gloria-lourdes.com\/#\/schema\/logo\/image\/\"},\"sameAs\":[\"https:\/\/fr-fr.facebook.com\/HotelGloriaEtAvenue\/\"]}]}<\/script>\n<!-- \/ Yoast SEO plugin. -->","yoast_head_json":{"title":"H\u00f4tel Gloria & Avenue - H\u00f4tel Gloria &amp; Avenue","robots":{"index":"index","follow":"follow","max-snippet":"max-snippet:-1","max-image-preview":"max-image-preview:large","max-video-preview":"max-video-preview:-1"},"canonical":"http:\/\/hotel-gloria-lourdes.com\/en\/hotel-gloria-avenue\/","og_locale":"en_US","og_type":"article","og_title":"H\u00f4tel Gloria & Avenue - H\u00f4tel Gloria &amp; Avenue","og_description":"H\u00f4tel Gloria &amp; Avenue L&#8217;H\u00f4tel Gloria Avenue propose 31 chambres Confort et Sup\u00e9rieure, toutes climatis\u00e9es, la plupart avec balcon et vue sur le Gave et le Ch\u00e2teau Fort ainsi que les chambres PMR labellis\u00e9es TOURISME ET HANDICAP.  130&euro;per night Suite Junior 102&euro;per night Chambre PMR labellis\u00e9e 95&euro;per night Twin\/Double Sup&#038;eacuterieure","og_url":"http:\/\/hotel-gloria-lourdes.com\/en\/hotel-gloria-avenue\/","og_site_name":"H\u00f4tel Gloria &amp; Avenue","article_publisher":"https:\/\/fr-fr.facebook.com\/HotelGloriaEtAvenue\/","article_modified_time":"2026-03-11T21:11:16+00:00","og_image":[{"width":2560,"height":1917,"url":"https:\/\/hotel-gloria-lourdes.com\/wp-content\/uploads\/2022\/09\/DJI_0233-scaled.jpg","type":"image\/jpeg"}],"twitter_card":"summary_large_image","twitter_misc":{"Est. reading time":"2 minutes"},"schema":{"@context":"https:\/\/schema.org","@graph":[{"@type":"WebPage","@id":"https:\/\/hotel-gloria-lourdes.com\/hotel-gloria-avenue\/","url":"https:\/\/hotel-gloria-lourdes.com\/hotel-gloria-avenue\/","name":"H\u00f4tel Gloria & Avenue - H\u00f4tel Gloria &amp; Avenue","isPartOf":{"@id":"https:\/\/hotel-gloria-lourdes.com\/#website"},"datePublished":"2022-10-04T20:26:12+00:00","dateModified":"2026-03-11T21:11:16+00:00","breadcrumb":{"@id":"https:\/\/hotel-gloria-lourdes.com\/hotel-gloria-avenue\/#breadcrumb"},"inLanguage":"en-US","potentialAction":[{"@type":"ReadAction","target":["https:\/\/hotel-gloria-lourdes.com\/hotel-gloria-avenue\/"]}]},{"@type":"BreadcrumbList","@id":"https:\/\/hotel-gloria-lourdes.com\/hotel-gloria-avenue\/#breadcrumb","itemListElement":[{"@type":"ListItem","position":1,"name":"Accueil","item":"https:\/\/hotel-gloria-lourdes.com\/"},{"@type":"ListItem","position":2,"name":"H\u00f4tel Gloria &#038; Avenue"}]},{"@type":"WebSite","@id":"https:\/\/hotel-gloria-lourdes.com\/#website","url":"https:\/\/hotel-gloria-lourdes.com\/","name":"H\u00f4tel Gloria &amp; Avenue","description":"Lourdes ***","publisher":{"@id":"https:\/\/hotel-gloria-lourdes.com\/#organization"},"potentialAction":[{"@type":"SearchAction","target":{"@type":"EntryPoint","urlTemplate":"https:\/\/hotel-gloria-lourdes.com\/?s={search_term_string}"},"query-input":"required name=search_term_string"}],"inLanguage":"en-US"},{"@type":"Organization","@id":"https:\/\/hotel-gloria-lourdes.com\/#organization","name":"H\u00f4tel Gloria & Avenue","url":"https:\/\/hotel-gloria-lourdes.com\/","logo":{"@type":"ImageObject","inLanguage":"en-US","@id":"https:\/\/hotel-gloria-lourdes.com\/#\/schema\/logo\/image\/","url":"https:\/\/hotel-gloria-lourdes.com\/wp-content\/uploads\/2021\/07\/Logo-Hotel-Gloria-Avenue-site-bleu.png","contentUrl":"https:\/\/hotel-gloria-lourdes.com\/wp-content\/uploads\/2021\/07\/Logo-Hotel-Gloria-Avenue-site-bleu.png","width":695,"height":500,"caption":"H\u00f4tel Gloria & Avenue"},"image":{"@id":"https:\/\/hotel-gloria-lourdes.com\/#\/schema\/logo\/image\/"},"sameAs":["https:\/\/fr-fr.facebook.com\/HotelGloriaEtAvenue\/"]}]}},"_links":{"self":[{"href":"http:\/\/hotel-gloria-lourdes.com\/en\/wp-json\/wp\/v2\/pages\/4291","targetHints":{"allow":["GET"]}}],"collection":[{"href":"http:\/\/hotel-gloria-lourdes.com\/en\/wp-json\/wp\/v2\/pages"}],"about":[{"href":"http:\/\/hotel-gloria-lourdes.com\/en\/wp-json\/wp\/v2\/types\/page"}],"author":[{"embeddable":true,"href":"http:\/\/hotel-gloria-lourdes.com\/en\/wp-json\/wp\/v2\/users\/1"}],"replies":[{"embeddable":true,"href":"http:\/\/hotel-gloria-lourdes.com\/en\/wp-json\/wp\/v2\/comments?post=4291"}],"version-history":[{"count":0,"href":"http:\/\/hotel-gloria-lourdes.com\/en\/wp-json\/wp\/v2\/pages\/4291\/revisions"}],"wp:featuredmedia":[{"embeddable":true,"href":"http:\/\/hotel-gloria-lourdes.com\/en\/wp-json\/wp\/v2\/media\/4281"}],"wp:attachment":[{"href":"http:\/\/hotel-gloria-lourdes.com\/en\/wp-json\/wp\/v2\/media?parent=4291"}],"curies":[{"name":"wp","href":"https:\/\/api.w.org\/{rel}","templated":true}]}}