{"id":4248,"date":"2022-07-21T09:42:24","date_gmt":"2022-07-21T07:42:24","guid":{"rendered":"https:\/\/hotel-gloria-lourdes.com\/?page_id=4248"},"modified":"2022-07-21T18:02:57","modified_gmt":"2022-07-21T16:02:57","slug":"mentions-legales","status":"publish","type":"page","link":"http:\/\/hotel-gloria-lourdes.com\/es\/mentions-legales\/","title":{"rendered":"<p>Notas legales<\/p>"},"content":{"rendered":"<div data-elementor-type=\"wp-page\" data-elementor-id=\"4248\" class=\"elementor elementor-4248\">\n\t\t\t\t\t\t\t\t\t<section class=\"elementor-section elementor-top-section elementor-element elementor-element-77f536b elementor-section-boxed elementor-section-height-default elementor-section-height-default\" data-id=\"77f536b\" data-element_type=\"section\">\n\t\t\t\t\t\t<div class=\"elementor-container elementor-column-gap-default\">\n\t\t\t\t\t<div class=\"elementor-column elementor-col-100 elementor-top-column elementor-element elementor-element-efe8dd5\" data-id=\"efe8dd5\" data-element_type=\"column\">\n\t\t\t<div class=\"elementor-widget-wrap elementor-element-populated\">\n\t\t\t\t\t\t\t\t<div class=\"elementor-element elementor-element-32f9de3 elementor-widget elementor-widget-text-editor\" data-id=\"32f9de3\" data-element_type=\"widget\" data-widget_type=\"text-editor.default\">\n\t\t\t\t<div class=\"elementor-widget-container\">\n\t\t\t<style>\/*! elementor - v3.11.2 - 22-02-2023 *\/\n.elementor-widget-text-editor.elementor-drop-cap-view-stacked .elementor-drop-cap{background-color:#818a91;color:#fff}.elementor-widget-text-editor.elementor-drop-cap-view-framed .elementor-drop-cap{color:#818a91;border:3px solid;background-color:transparent}.elementor-widget-text-editor:not(.elementor-drop-cap-view-default) .elementor-drop-cap{margin-top:8px}.elementor-widget-text-editor:not(.elementor-drop-cap-view-default) .elementor-drop-cap-letter{width:1em;height:1em}.elementor-widget-text-editor .elementor-drop-cap{float:left;text-align:center;line-height:1;font-size:50px}.elementor-widget-text-editor .elementor-drop-cap-letter{display:inline-block}<\/style>\t\t\t\t<h2>Qui\u00e9nes somos ?<\/h2>\n<p>La direcci\u00f3n de nuestro sitio es: <a href=\"http:\/\/hotel-gloria-lourdes.com\/es\/\">https:\/\/hotel-gloria-lourdes.com<\/a><\/p>\n<p><strong>Direcci\u00f3n web:<\/strong><a href=\"http:\/\/hotel-gloria-lourdes.com\/es\/\">https:\/\/hotel-gloria-lourdes.com<\/a><br><strong>Editor del sitio\/nombre de la empresa:<\/strong>&nbsp;<span style=\"box-sizing: inherit; position: relative;\">SARL CPGH<\/span><span style=\"box-sizing: inherit; position: relative;\"><br><\/span><span style=\"box-sizing: inherit; position: relative;\"><br><\/span><strong>La oficina central :<\/strong> 30 AV PEYRAMALE 65100 LOURDES<br><strong>SIRET:<\/strong>&nbsp;39262450800033<br><strong>Informaci\u00f3n del contacto :<\/strong><br>Booking@Hotel-Gloria-Lourdes.Com<br>Tel\u00e9fono: (+33) 5 62 94 23 48<br><strong>Datos de contacto del anfitri\u00f3n:<\/strong><\/p>\n<p>OVH<br>SAS con un capital de 10.174.560?<\/p>\n<p>RCS Lille M\u00e9tropole 424 761 419 00045<br>c\u00f3digo APE 2620Z<br>N\u00famero de IVA: FR 22 424 761 419<br>Oficina central: 2 rue Kellermann \u2013 59100 Roubaix \u2013 Francia<\/p>\n<p>Sitio web <a href=\"http:\/\/hotel-gloria-lourdes.com\/es\/\">https:\/\/hotel-gloria-lourdes.com <\/a>&nbsp;es propiedad exclusiva de SARL CPGH.<\/p>\n<p>La consulta del Sitio est\u00e1 sujeta a la plena aceptaci\u00f3n y cumplimiento por parte de los usuarios de Internet de las siguientes condiciones de uso.<\/p>\n<p>El usuario de Internet se compromete a hacer un uso personal y no comercial de la informaci\u00f3n contenida en el Sitio. En caso de incumplimiento de lo dispuesto en estos avisos legales, por parte del usuario de Internet, se podr\u00e1 incurrir en su responsabilidad civil y\/o penal.<\/p>\n<h2>Comentarios<\/h2>\n<p>Cuando deja un comentario en nuestro sitio, los datos ingresados en el formulario de comentarios, as\u00ed como su direcci\u00f3n IP y el agente de usuario de su navegador se recopilan para ayudarnos a detectar comentarios no deseados.<\/p>\n<p>Se puede enviar una cadena an\u00f3nima creada a partir de su direcci\u00f3n de correo electr\u00f3nico (tambi\u00e9n llamada hash) al servicio Gravatar para verificar si la est\u00e1 utilizando. Las cl\u00e1usulas de confidencialidad del servicio Gravatar est\u00e1n disponibles aqu\u00ed: https:\/\/automattic.com\/privacy\/. Despu\u00e9s de la validaci\u00f3n de su comentario, su foto de perfil ser\u00e1 visible p\u00fablicamente junto a su comentario.<\/p>\n<h2>Medios de comunicaci\u00f3n<\/h2>\n<p>Si carga im\u00e1genes en el sitio, le recomendamos que evite cargar im\u00e1genes que contengan datos EXIF de coordenadas GPS. Las personas que visitan su sitio pueden descargar y extraer datos de ubicaci\u00f3n de estas im\u00e1genes.<\/p>\n<h2>Galletas<\/h2>\n<p>Si deja un comentario en nuestro sitio, se le ofrecer\u00e1 guardar su nombre, direcci\u00f3n de correo electr\u00f3nico y sitio en cookies. Esto es solo para su comodidad para que no tenga que ingresar esta informaci\u00f3n si presenta otro comentario m\u00e1s adelante. Estas cookies expiran despu\u00e9s de un a\u00f1o.<\/p>\n<p>Si accede a la p\u00e1gina de inicio de sesi\u00f3n, se crear\u00e1 una cookie temporal para determinar si su navegador acepta cookies. No contiene datos personales y se eliminar\u00e1 autom\u00e1ticamente cuando cierre su navegador.<\/p>\n<p>Cuando inicie sesi\u00f3n, configuraremos una serie de cookies para guardar sus datos de inicio de sesi\u00f3n y preferencias de pantalla. La duraci\u00f3n de una cookie de conexi\u00f3n es de dos d\u00edas, la de una cookie de opci\u00f3n de pantalla es de un a\u00f1o. Si marca &quot;Recordarme&quot;, su cookie de inicio de sesi\u00f3n se mantendr\u00e1 durante dos semanas. Si cierra sesi\u00f3n en su cuenta, la cookie de inicio de sesi\u00f3n se borrar\u00e1.<\/p>\n<p>Al editar o publicar una publicaci\u00f3n, se guardar\u00e1 una cookie adicional en su navegador. Esta cookie no incluye ning\u00fan dato personal. Solo muestra el ID de la publicaci\u00f3n que acabas de editar. Caduca despu\u00e9s de un d\u00eda.<\/p>\n<h2>Google analitico<\/h2>\n<p><span style=\"color: var( --e-global-color-text ); font-family: var( --e-global-typography-text-font-family ), Sans-serif; font-weight: var( --e-global-typography-text-font-weight );\">SARL CPGH<\/span>&nbsp;utiliza Google Analytics para rastrear a los usuarios en este Sitio.<\/p>\n<p>Google Analytics utiliza cookies para recopilar estos datos.<\/p>\n<p>Para cumplir con la nueva normativa, Google ha incluido una modificaci\u00f3n en el tratamiento de datos que los internautas pueden consultar en&nbsp;<a href=\"https:\/\/www.google.com\/analytics\/terms\/dpa\/dataprocessingamendment_20130906.html\" target=\"_blank\" rel=\"noreferrer noopener\">siguiente p\u00e1gina<\/a>.<\/p>\n<p>los&nbsp;<span style=\"color: var( --e-global-color-text ); font-family: var( --e-global-typography-text-font-family ), Sans-serif; font-weight: var( --e-global-typography-text-font-weight );\">SARL CPGH<\/span><span style=\"color: var( --e-global-color-text ); font-family: var( --e-global-typography-text-font-family ), Sans-serif; font-weight: var( --e-global-typography-text-font-weight );\">&nbsp;se compromete a tratar los datos recabados de forma an\u00f3nima y a desactivar el &quot;intercambio de datos&quot;.<\/span><\/p>\n<h2>Contenido incrustado de otros sitios<\/h2>\n<p>Los art\u00edculos en este sitio pueden incluir contenido incrustado (por ejemplo, videos, im\u00e1genes, art\u00edculos?). El contenido incrustado de otros sitios se comporta de la misma manera que si el visitante viniera a ese otro sitio.<\/p>\n<p>Estos sitios web podr\u00edan recopilar datos sobre usted, utilizar cookies, incorporar herramientas de seguimiento de terceros, realizar un seguimiento de sus interacciones con este contenido incrustado si tiene una cuenta conectada a su sitio web.<\/p>\n<h2>Uso y transmisi\u00f3n de sus datos personales<\/h2>\n<p>Si solicita un restablecimiento de contrase\u00f1a, su direcci\u00f3n IP se incluir\u00e1 en el correo electr\u00f3nico de restablecimiento.<\/p>\n<h2>Tiempos de almacenamiento de sus datos<\/h2>\n<p>Si deja un comentario, el comentario y sus metadatos se conservan indefinidamente. Esto reconoce y aprueba autom\u00e1ticamente los comentarios posteriores en lugar de dejarlos en la cola de moderaci\u00f3n.<\/p>\n<p>Para las cuentas que se registran en nuestro sitio (si corresponde), tambi\u00e9n almacenamos los datos personales que figuran en su perfil. Todas las cuentas pueden ver, modificar o eliminar su informaci\u00f3n personal en cualquier momento (excepto su identificador). Los administradores del sitio tambi\u00e9n pueden ver y editar esta informaci\u00f3n.<\/p>\n<h2>Los derechos que tienes sobre tus datos<\/h2>\n<p>Si tiene una cuenta o ha dejado comentarios en el sitio, puede solicitar recibir un archivo que contenga todos los datos personales que tenemos sobre usted, incluidos los que nos ha proporcionado. Tambi\u00e9n puede solicitar la eliminaci\u00f3n de los datos personales que le conciernen. Esto no tiene en cuenta los datos almacenados por motivos administrativos, legales o de seguridad.<\/p>\n<h2>Transmisi\u00f3n de sus datos personales<\/h2>\n<p>Los comentarios de los visitantes puede que los revise un servicio de detecci\u00f3n autom\u00e1tica de spam.<\/p>\t\t\t\t\t\t<\/div>\n\t\t\t\t<\/div>\n\t\t\t\t\t<\/div>\n\t\t<\/div>\n\t\t\t\t\t\t\t<\/div>\n\t\t<\/section>\n\t\t\t\t\t\t\t<\/div>","protected":false},"excerpt":{"rendered":"<p>Qui\u00e9nes somos ?<br>\nLa direcci\u00f3n de nuestro sitio es: https:\/\/hotel-gloria-lourdes.com<br>\nDirecci\u00f3n del sitio web: https:\/\/hotel-gloria-lourdes.com Editor del sitio web\/nombre de la empresa: SARL CPGH<br>\nOficina central: 30 AV PEYRAMALE 65100 LOURDESSIRET: 39262450800033 Datos de contacto: Booking@Hotel-Gloria-Lourdes.Com Tel\u00e9fono: (+33) 5 62 94 23 48 Datos de contacto del anfitri\u00f3n:<br>\nOVHSAS con un capital de 10.174.560?<br>\nRCS Lille M\u00e9tropole 424 761 419 00045 C\u00f3digo APE <\/p>","protected":false},"author":1,"featured_media":0,"parent":0,"menu_order":0,"comment_status":"closed","ping_status":"closed","template":"","meta":{"footnotes":""},"class_list":["post-4248","page","type-page","status-publish","hentry"],"yoast_head":"<!-- This site is optimized with the Yoast SEO plugin v22.0 - https:\/\/yoast.com\/wordpress\/plugins\/seo\/ -->\n<title>Mentions l\u00e9gales - H\u00f4tel Gloria &amp; Avenue<\/title>\n<meta name=\"robots\" content=\"index, follow, max-snippet:-1, max-image-preview:large, max-video-preview:-1\" \/>\n<link rel=\"canonical\" href=\"http:\/\/hotel-gloria-lourdes.com\/es\/mentions-legales\/\" \/>\n<meta property=\"og:locale\" content=\"es_ES\" \/>\n<meta property=\"og:type\" content=\"article\" \/>\n<meta property=\"og:title\" content=\"Mentions l\u00e9gales - H\u00f4tel Gloria &amp; Avenue\" \/>\n<meta property=\"og:description\" content=\"Qui sommes-nous&nbsp;? L\u2019adresse de notre site est : https:\/\/hotel-gloria-lourdes.com Adresse du site Web :https:\/\/hotel-gloria-lourdes.comEditeur du site\/raison sociale :&nbsp;SARL CPGH Si\u00e8ge social : 30 AV PEYRAMALE 65100 LOURDESSIRET :&nbsp;39262450800033Coordonn\u00e9es :Booking@Hotel-Gloria-Lourdes.ComT\u00e9l\u00e9phone : (+33) 5 62 94 23 48Coordonn\u00e9es de l\u2019h\u00e9bergeur : OVHSAS au capital de 10 174 560 \u20ac RCS Lille M\u00e9tropole 424 761 419 00045Code APE\" \/>\n<meta property=\"og:url\" content=\"http:\/\/hotel-gloria-lourdes.com\/es\/mentions-legales\/\" \/>\n<meta property=\"og:site_name\" content=\"H\u00f4tel Gloria &amp; Avenue\" \/>\n<meta property=\"article:publisher\" content=\"https:\/\/fr-fr.facebook.com\/HotelGloriaEtAvenue\/\" \/>\n<meta property=\"article:modified_time\" content=\"2022-07-21T16:02:57+00:00\" \/>\n<meta name=\"twitter:card\" content=\"summary_large_image\" \/>\n<meta name=\"twitter:label1\" content=\"Tiempo de lectura\" \/>\n\t<meta name=\"twitter:data1\" content=\"5 minutos\" \/>\n<script type=\"application\/ld+json\" class=\"yoast-schema-graph\">{\"@context\":\"https:\/\/schema.org\",\"@graph\":[{\"@type\":\"WebPage\",\"@id\":\"https:\/\/hotel-gloria-lourdes.com\/mentions-legales\/\",\"url\":\"https:\/\/hotel-gloria-lourdes.com\/mentions-legales\/\",\"name\":\"Mentions l\u00e9gales - H\u00f4tel Gloria &amp; Avenue\",\"isPartOf\":{\"@id\":\"https:\/\/hotel-gloria-lourdes.com\/#website\"},\"datePublished\":\"2022-07-21T07:42:24+00:00\",\"dateModified\":\"2022-07-21T16:02:57+00:00\",\"breadcrumb\":{\"@id\":\"https:\/\/hotel-gloria-lourdes.com\/mentions-legales\/#breadcrumb\"},\"inLanguage\":\"es\",\"potentialAction\":[{\"@type\":\"ReadAction\",\"target\":[\"https:\/\/hotel-gloria-lourdes.com\/mentions-legales\/\"]}]},{\"@type\":\"BreadcrumbList\",\"@id\":\"https:\/\/hotel-gloria-lourdes.com\/mentions-legales\/#breadcrumb\",\"itemListElement\":[{\"@type\":\"ListItem\",\"position\":1,\"name\":\"Accueil\",\"item\":\"https:\/\/hotel-gloria-lourdes.com\/\"},{\"@type\":\"ListItem\",\"position\":2,\"name\":\"Mentions l\u00e9gales\"}]},{\"@type\":\"WebSite\",\"@id\":\"https:\/\/hotel-gloria-lourdes.com\/#website\",\"url\":\"https:\/\/hotel-gloria-lourdes.com\/\",\"name\":\"H\u00f4tel Gloria &amp; Avenue\",\"description\":\"Lourdes ***\",\"publisher\":{\"@id\":\"https:\/\/hotel-gloria-lourdes.com\/#organization\"},\"potentialAction\":[{\"@type\":\"SearchAction\",\"target\":{\"@type\":\"EntryPoint\",\"urlTemplate\":\"https:\/\/hotel-gloria-lourdes.com\/?s={search_term_string}\"},\"query-input\":\"required name=search_term_string\"}],\"inLanguage\":\"es\"},{\"@type\":\"Organization\",\"@id\":\"https:\/\/hotel-gloria-lourdes.com\/#organization\",\"name\":\"H\u00f4tel Gloria & Avenue\",\"url\":\"https:\/\/hotel-gloria-lourdes.com\/\",\"logo\":{\"@type\":\"ImageObject\",\"inLanguage\":\"es\",\"@id\":\"https:\/\/hotel-gloria-lourdes.com\/#\/schema\/logo\/image\/\",\"url\":\"https:\/\/hotel-gloria-lourdes.com\/wp-content\/uploads\/2021\/07\/Logo-Hotel-Gloria-Avenue-site-bleu.png\",\"contentUrl\":\"https:\/\/hotel-gloria-lourdes.com\/wp-content\/uploads\/2021\/07\/Logo-Hotel-Gloria-Avenue-site-bleu.png\",\"width\":695,\"height\":500,\"caption\":\"H\u00f4tel Gloria & Avenue\"},\"image\":{\"@id\":\"https:\/\/hotel-gloria-lourdes.com\/#\/schema\/logo\/image\/\"},\"sameAs\":[\"https:\/\/fr-fr.facebook.com\/HotelGloriaEtAvenue\/\"]}]}<\/script>\n<!-- \/ Yoast SEO plugin. -->","yoast_head_json":{"title":"Mentions l\u00e9gales - H\u00f4tel Gloria &amp; Avenue","robots":{"index":"index","follow":"follow","max-snippet":"max-snippet:-1","max-image-preview":"max-image-preview:large","max-video-preview":"max-video-preview:-1"},"canonical":"http:\/\/hotel-gloria-lourdes.com\/es\/mentions-legales\/","og_locale":"es_ES","og_type":"article","og_title":"Mentions l\u00e9gales - H\u00f4tel Gloria &amp; Avenue","og_description":"Qui sommes-nous&nbsp;? L\u2019adresse de notre site est : https:\/\/hotel-gloria-lourdes.com Adresse du site Web :https:\/\/hotel-gloria-lourdes.comEditeur du site\/raison sociale :&nbsp;SARL CPGH Si\u00e8ge social : 30 AV PEYRAMALE 65100 LOURDESSIRET :&nbsp;39262450800033Coordonn\u00e9es :Booking@Hotel-Gloria-Lourdes.ComT\u00e9l\u00e9phone : (+33) 5 62 94 23 48Coordonn\u00e9es de l\u2019h\u00e9bergeur : OVHSAS au capital de 10 174 560 \u20ac RCS Lille M\u00e9tropole 424 761 419 00045Code APE","og_url":"http:\/\/hotel-gloria-lourdes.com\/es\/mentions-legales\/","og_site_name":"H\u00f4tel Gloria &amp; Avenue","article_publisher":"https:\/\/fr-fr.facebook.com\/HotelGloriaEtAvenue\/","article_modified_time":"2022-07-21T16:02:57+00:00","twitter_card":"summary_large_image","twitter_misc":{"Tiempo de lectura":"5 minutos"},"schema":{"@context":"https:\/\/schema.org","@graph":[{"@type":"WebPage","@id":"https:\/\/hotel-gloria-lourdes.com\/mentions-legales\/","url":"https:\/\/hotel-gloria-lourdes.com\/mentions-legales\/","name":"Mentions l\u00e9gales - H\u00f4tel Gloria &amp; Avenue","isPartOf":{"@id":"https:\/\/hotel-gloria-lourdes.com\/#website"},"datePublished":"2022-07-21T07:42:24+00:00","dateModified":"2022-07-21T16:02:57+00:00","breadcrumb":{"@id":"https:\/\/hotel-gloria-lourdes.com\/mentions-legales\/#breadcrumb"},"inLanguage":"es","potentialAction":[{"@type":"ReadAction","target":["https:\/\/hotel-gloria-lourdes.com\/mentions-legales\/"]}]},{"@type":"BreadcrumbList","@id":"https:\/\/hotel-gloria-lourdes.com\/mentions-legales\/#breadcrumb","itemListElement":[{"@type":"ListItem","position":1,"name":"Accueil","item":"https:\/\/hotel-gloria-lourdes.com\/"},{"@type":"ListItem","position":2,"name":"Mentions l\u00e9gales"}]},{"@type":"WebSite","@id":"https:\/\/hotel-gloria-lourdes.com\/#website","url":"https:\/\/hotel-gloria-lourdes.com\/","name":"H\u00f4tel Gloria &amp; Avenue","description":"Lourdes ***","publisher":{"@id":"https:\/\/hotel-gloria-lourdes.com\/#organization"},"potentialAction":[{"@type":"SearchAction","target":{"@type":"EntryPoint","urlTemplate":"https:\/\/hotel-gloria-lourdes.com\/?s={search_term_string}"},"query-input":"required name=search_term_string"}],"inLanguage":"es"},{"@type":"Organization","@id":"https:\/\/hotel-gloria-lourdes.com\/#organization","name":"H\u00f4tel Gloria & Avenue","url":"https:\/\/hotel-gloria-lourdes.com\/","logo":{"@type":"ImageObject","inLanguage":"es","@id":"https:\/\/hotel-gloria-lourdes.com\/#\/schema\/logo\/image\/","url":"https:\/\/hotel-gloria-lourdes.com\/wp-content\/uploads\/2021\/07\/Logo-Hotel-Gloria-Avenue-site-bleu.png","contentUrl":"https:\/\/hotel-gloria-lourdes.com\/wp-content\/uploads\/2021\/07\/Logo-Hotel-Gloria-Avenue-site-bleu.png","width":695,"height":500,"caption":"H\u00f4tel Gloria & Avenue"},"image":{"@id":"https:\/\/hotel-gloria-lourdes.com\/#\/schema\/logo\/image\/"},"sameAs":["https:\/\/fr-fr.facebook.com\/HotelGloriaEtAvenue\/"]}]}},"_links":{"self":[{"href":"http:\/\/hotel-gloria-lourdes.com\/es\/wp-json\/wp\/v2\/pages\/4248","targetHints":{"allow":["GET"]}}],"collection":[{"href":"http:\/\/hotel-gloria-lourdes.com\/es\/wp-json\/wp\/v2\/pages"}],"about":[{"href":"http:\/\/hotel-gloria-lourdes.com\/es\/wp-json\/wp\/v2\/types\/page"}],"author":[{"embeddable":true,"href":"http:\/\/hotel-gloria-lourdes.com\/es\/wp-json\/wp\/v2\/users\/1"}],"replies":[{"embeddable":true,"href":"http:\/\/hotel-gloria-lourdes.com\/es\/wp-json\/wp\/v2\/comments?post=4248"}],"version-history":[{"count":0,"href":"http:\/\/hotel-gloria-lourdes.com\/es\/wp-json\/wp\/v2\/pages\/4248\/revisions"}],"wp:attachment":[{"href":"http:\/\/hotel-gloria-lourdes.com\/es\/wp-json\/wp\/v2\/media?parent=4248"}],"curies":[{"name":"wp","href":"https:\/\/api.w.org\/{rel}","templated":true}]}}