{"id":3448,"date":"2021-04-18T00:04:26","date_gmt":"2021-04-17T22:04:26","guid":{"rendered":"http:\/\/www.hotel-gloria-lourdes.com\/?page_id=3448"},"modified":"2021-04-18T20:29:54","modified_gmt":"2021-04-18T18:29:54","slug":"activities","status":"publish","type":"page","link":"https:\/\/hotel-gloria-lourdes.com\/de\/activities\/","title":{"rendered":"<p>Aktivit\u00e4ten<\/p>"},"content":{"rendered":"<div data-elementor-type=\"wp-page\" data-elementor-id=\"3448\" class=\"elementor elementor-3448\">\n\t\t\t\t\t\t\t\t\t<section class=\"elementor-section elementor-top-section elementor-element elementor-element-74af8db elementor-section-boxed elementor-section-height-default elementor-section-height-default\" data-id=\"74af8db\" data-element_type=\"section\">\n\t\t\t\t\t\t<div class=\"elementor-container elementor-column-gap-default\">\n\t\t\t\t\t<div class=\"elementor-column elementor-col-100 elementor-top-column elementor-element elementor-element-6471b0c\" data-id=\"6471b0c\" data-element_type=\"column\">\n\t\t\t<div class=\"elementor-widget-wrap elementor-element-populated\">\n\t\t\t\t\t\t\t\t<div class=\"elementor-element elementor-element-a07b77f elementor-widget elementor-widget-wp-widget-column-post\" data-id=\"a07b77f\" data-element_type=\"widget\" data-widget_type=\"wp-widget-column-post.default\">\n\t\t\t\t<div class=\"elementor-widget-container\">\n\t\t\t<div class=\"thim-widget-column-post thim-widget-column-post-base template-base\"><ul class=\"thim-column-posts\"><div class=\"post-item col-md-6\">\t\t\t<li class=\"post-3774 post type-post status-publish format-standard has-post-thumbnail hentry category-activite\">\n\t\t\t\t<div class=\"article-title-wrapper\"><div class=\"category\">Aktivit\u00e4t<\/div><h5><a href=\"https:\/\/hotel-gloria-lourdes.com\/de\/bernadette-spectacle\/\" class=\"article-title\">BERNADETTE VON LOURDES<\/a><\/h5><p>\u201eBernadette von Lourdes\u201c ist die Geschichte der faszinierenden und inspirierenden Marienerscheinungen der jungen Bernadette Soubirous. Es ist durch die...<\/p><div class=\"button_read_more\"><a href=\"https:\/\/hotel-gloria-lourdes.com\/de\/bernadette-spectacle\/\">Weiterlesen<\/a><\/div><\/div><div class=\"article-image\"><img loading=\"lazy\" decoding=\"async\" width=\"434\" height=\"419\" src=\"https:\/\/hotel-gloria-lourdes.com\/wp-content\/uploads\/2021\/07\/Bernadette-434x419.jpeg\" alt=\"BERNADETTE VON LOURDES\" class=\"\"><\/div>\t\t\t<\/li>\n\t\t<\/div><div class=\"post-item col-md-6\">\t\t\t<li class=\"post-3604 post type-post status-publish format-standard has-post-thumbnail hentry category-activite\">\n\t\t\t\t<div class=\"article-image\"><img loading=\"lazy\" decoding=\"async\" width=\"434\" height=\"419\" src=\"https:\/\/hotel-gloria-lourdes.com\/wp-content\/uploads\/2021\/04\/lourdes-procession_aux_flambeaux_-c_www.lourdes.photo_-_vincent-2-434x320.jpg\" alt=\"LOURDES, MARIANISCHE STADT\" class=\"\"><\/div><div class=\"article-title-wrapper\"><div class=\"category\">Aktivit\u00e4t<\/div><h5><a href=\"https:\/\/hotel-gloria-lourdes.com\/de\/lourdes-cite-mariale\/\" class=\"article-title\">LOURDES, MARIANISCHE STADT<\/a><\/h5><p>Tausende von Pilgern kommen jedes Jahr, um in der Grotte von Massabielle zu beten. Die Programme der Heiligt\u00fcmer...<\/p><div class=\"button_read_more\"><a href=\"https:\/\/hotel-gloria-lourdes.com\/de\/lourdes-cite-mariale\/\">Weiterlesen<\/a><\/div><\/div>\t\t\t<\/li>\n\t\t\t<\/div><div class=\"post-item col-md-6\">\t\t\t<li class=\"post-3602 post type-post status-publish format-standard has-post-thumbnail hentry category-activite\">\n\t\t\t\t<div class=\"article-title-wrapper\"><div class=\"category\">Aktivit\u00e4t<\/div><h5><a href=\"https:\/\/hotel-gloria-lourdes.com\/de\/lourdes-ville-touristique\/\" class=\"article-title\">LOURDES, TOURISTISCHE STADT<\/a><\/h5><p>\nCh\u00e2teau Fort Pic du Jer See von Lourdes Golf von Lourdes Greenway (Wandern, Radfahren usw.)\n\n<\/p><div class=\"button_read_more\"><a href=\"https:\/\/hotel-gloria-lourdes.com\/de\/lourdes-ville-touristique\/\">Weiterlesen<\/a><\/div><\/div><div class=\"article-image\"><img loading=\"lazy\" decoding=\"async\" width=\"434\" height=\"419\" src=\"https:\/\/hotel-gloria-lourdes.com\/wp-content\/uploads\/2021\/04\/DJI_0361-434x419.jpg\" alt=\"LOURDES, TOURISTISCHE STADT\" class=\"\"><\/div>\t\t\t<\/li>\n\t\t<\/div><div class=\"post-item col-md-6\">\t\t\t<li class=\"post-3600 post type-post status-publish format-standard has-post-thumbnail hentry category-activite\">\n\t\t\t\t<div class=\"article-image\"><img loading=\"lazy\" decoding=\"async\" width=\"434\" height=\"419\" src=\"https:\/\/hotel-gloria-lourdes.com\/wp-content\/uploads\/2021\/04\/GavarnieDrone-434x419.jpg\" alt=\"RUND UM LOURDES\" class=\"\"><\/div><div class=\"article-title-wrapper\"><div class=\"category\">Aktivit\u00e4t<\/div><h5><a href=\"https:\/\/hotel-gloria-lourdes.com\/de\/aux-alentours-de-lourdes\/\" class=\"article-title\">RUND UM LOURDES<\/a><\/h5><p>Die T\u00e4ler der Gaves: Argel\u00e8s-Gazost Luz St. Sauveur Gavarnie Cauterets Pic du Midi de Bigorre\n\n<\/p><div class=\"button_read_more\"><a href=\"https:\/\/hotel-gloria-lourdes.com\/de\/aux-alentours-de-lourdes\/\">Weiterlesen<\/a><\/div><\/div>\t\t\t<\/li>\n\t\t\t<\/div><div class=\"post-item col-md-6\">\t\t\t<li class=\"post-3595 post type-post status-publish format-standard has-post-thumbnail hentry category-activite\">\n\t\t\t\t<div class=\"article-title-wrapper\"><div class=\"category\">Aktivit\u00e4t<\/div><h5><a href=\"https:\/\/hotel-gloria-lourdes.com\/de\/pic-du-midi-de-bigorre\/\" class=\"article-title\">WICHTIGE STANDORTE<\/a><\/h5><p>\u2013 Pic du Midi (Observatorium) \u2013 Gavarnie (UNESCO-Erbe)\n<\/p><div class=\"button_read_more\"><a href=\"https:\/\/hotel-gloria-lourdes.com\/de\/pic-du-midi-de-bigorre\/\">Weiterlesen<\/a><\/div><\/div><div class=\"article-image\"><img loading=\"lazy\" decoding=\"async\" width=\"434\" height=\"419\" src=\"https:\/\/hotel-gloria-lourdes.com\/wp-content\/uploads\/2021\/04\/Pic-du-Midi-drone-434x419.jpg\" alt=\"WICHTIGE STANDORTE\" class=\"\"><\/div>\t\t\t<\/li>\n\t\t<\/div><div class=\"post-item col-md-6\">\t\t\t<li class=\"post-3613 post type-post status-publish format-standard has-post-thumbnail hentry category-activite\">\n\t\t\t\t<div class=\"article-image\"><img loading=\"lazy\" decoding=\"async\" width=\"434\" height=\"419\" src=\"https:\/\/hotel-gloria-lourdes.com\/wp-content\/uploads\/2021\/04\/CauteretsFilet-434x419.jpg\" alt=\"THERMO-ENTERTAINMENT-KOMPLEXE\" class=\"\"><\/div><div class=\"article-title-wrapper\"><div class=\"category\">Aktivit\u00e4t<\/div><h5><a href=\"https:\/\/hotel-gloria-lourdes.com\/de\/complexe-thermo-ludique\/\" class=\"article-title\">THERMO-ENTERTAINMENT-KOMPLEXE<\/a><\/h5><p>\nCauterets: Die Felsenb\u00e4der Luz-Saint-Sauveur: Luz\u00e9a Argel\u00e8s Gazost: Der Garten der Bar\u00e8ges-Thermen: Cieleo Bagn\u00e8res-de-Bigorre: Aquensis\n<\/p><div class=\"button_read_more\"><a href=\"https:\/\/hotel-gloria-lourdes.com\/de\/complexe-thermo-ludique\/\">Weiterlesen<\/a><\/div><\/div>\t\t\t<\/li>\n\t\t\t<\/div><div class=\"post-item col-md-6\">\t\t\t<li class=\"post-3616 post type-post status-publish format-standard has-post-thumbnail hentry category-activite\">\n\t\t\t\t<div class=\"article-title-wrapper\"><div class=\"category\">Aktivit\u00e4t<\/div><h5><a href=\"https:\/\/hotel-gloria-lourdes.com\/de\/cols-mythiques-du-tour-de-france\/\" class=\"article-title\">MYTHISCHE P\u00c4SSE DER TOUR DE FRANCE<\/a><\/h5><p>\nCol du Tourmalet Col d&#039;Aspin Col du Soul oder Col d&#039;Aubisque\n\n<\/p><div class=\"button_read_more\"><a href=\"https:\/\/hotel-gloria-lourdes.com\/de\/cols-mythiques-du-tour-de-france\/\">Weiterlesen<\/a><\/div><\/div><div class=\"article-image\"><img loading=\"lazy\" decoding=\"async\" width=\"434\" height=\"419\" src=\"https:\/\/hotel-gloria-lourdes.com\/wp-content\/uploads\/2021\/04\/LourdesOnTop-434x419.jpg\" alt=\"MYTHISCHE P\u00c4SSE DER TOUR DE FRANCE\" class=\"\"><\/div>\t\t\t<\/li>\n\t\t<\/div><\/ul><\/div><\/div>\t\t<\/div>\n\t\t\t\t<\/div>\n\t\t\t\t\t<\/div>\n\t\t<\/div>\n\t\t\t\t\t\t\t<\/section><\/div>","protected":false},"excerpt":{"rendered":"<p>\nCol du Tourmalet<br>\nCol d\u2019Aspin<br>\nSoulor-Pass<br>\nCol d\u2019Aubisque<\/p>","protected":false},"author":1,"featured_media":0,"parent":0,"menu_order":0,"comment_status":"closed","ping_status":"closed","template":"","meta":{"footnotes":""},"class_list":["post-3448","page","type-page","status-publish","hentry"],"yoast_head":"<!-- This site is optimized with the Yoast SEO plugin v22.0 - https:\/\/yoast.com\/wordpress\/plugins\/seo\/ -->\n<title>Activities - H\u00f4tel Gloria &amp; Avenue<\/title>\n<meta name=\"robots\" content=\"index, follow, max-snippet:-1, max-image-preview:large, max-video-preview:-1\" \/>\n<link rel=\"canonical\" href=\"https:\/\/hotel-gloria-lourdes.com\/de\/activities\/\" \/>\n<meta property=\"og:locale\" content=\"de_DE\" \/>\n<meta property=\"og:type\" content=\"article\" \/>\n<meta property=\"og:title\" content=\"Activities - H\u00f4tel Gloria &amp; Avenue\" \/>\n<meta property=\"og:description\" content=\"Col du Tourmalet Col d\u2019Aspin Col du Soulor Col d&#8217;Aubisque\" \/>\n<meta property=\"og:url\" content=\"https:\/\/hotel-gloria-lourdes.com\/de\/activities\/\" \/>\n<meta property=\"og:site_name\" content=\"H\u00f4tel Gloria &amp; Avenue\" \/>\n<meta property=\"article:publisher\" content=\"https:\/\/fr-fr.facebook.com\/HotelGloriaEtAvenue\/\" \/>\n<meta property=\"article:modified_time\" content=\"2021-04-18T18:29:54+00:00\" \/>\n<meta name=\"twitter:card\" content=\"summary_large_image\" \/>\n<script type=\"application\/ld+json\" class=\"yoast-schema-graph\">{\"@context\":\"https:\/\/schema.org\",\"@graph\":[{\"@type\":\"WebPage\",\"@id\":\"https:\/\/hotel-gloria-lourdes.com\/activities\/\",\"url\":\"https:\/\/hotel-gloria-lourdes.com\/activities\/\",\"name\":\"Activities - H\u00f4tel Gloria &amp; Avenue\",\"isPartOf\":{\"@id\":\"https:\/\/hotel-gloria-lourdes.com\/#website\"},\"datePublished\":\"2021-04-17T22:04:26+00:00\",\"dateModified\":\"2021-04-18T18:29:54+00:00\",\"breadcrumb\":{\"@id\":\"https:\/\/hotel-gloria-lourdes.com\/activities\/#breadcrumb\"},\"inLanguage\":\"de\",\"potentialAction\":[{\"@type\":\"ReadAction\",\"target\":[\"https:\/\/hotel-gloria-lourdes.com\/activities\/\"]}]},{\"@type\":\"BreadcrumbList\",\"@id\":\"https:\/\/hotel-gloria-lourdes.com\/activities\/#breadcrumb\",\"itemListElement\":[{\"@type\":\"ListItem\",\"position\":1,\"name\":\"Accueil\",\"item\":\"https:\/\/hotel-gloria-lourdes.com\/\"},{\"@type\":\"ListItem\",\"position\":2,\"name\":\"Activities\"}]},{\"@type\":\"WebSite\",\"@id\":\"https:\/\/hotel-gloria-lourdes.com\/#website\",\"url\":\"https:\/\/hotel-gloria-lourdes.com\/\",\"name\":\"H\u00f4tel Gloria &amp; Avenue\",\"description\":\"Lourdes ***\",\"publisher\":{\"@id\":\"https:\/\/hotel-gloria-lourdes.com\/#organization\"},\"potentialAction\":[{\"@type\":\"SearchAction\",\"target\":{\"@type\":\"EntryPoint\",\"urlTemplate\":\"https:\/\/hotel-gloria-lourdes.com\/?s={search_term_string}\"},\"query-input\":\"required name=search_term_string\"}],\"inLanguage\":\"de\"},{\"@type\":\"Organization\",\"@id\":\"https:\/\/hotel-gloria-lourdes.com\/#organization\",\"name\":\"H\u00f4tel Gloria & Avenue\",\"url\":\"https:\/\/hotel-gloria-lourdes.com\/\",\"logo\":{\"@type\":\"ImageObject\",\"inLanguage\":\"de\",\"@id\":\"https:\/\/hotel-gloria-lourdes.com\/#\/schema\/logo\/image\/\",\"url\":\"https:\/\/hotel-gloria-lourdes.com\/wp-content\/uploads\/2021\/07\/Logo-Hotel-Gloria-Avenue-site-bleu.png\",\"contentUrl\":\"https:\/\/hotel-gloria-lourdes.com\/wp-content\/uploads\/2021\/07\/Logo-Hotel-Gloria-Avenue-site-bleu.png\",\"width\":695,\"height\":500,\"caption\":\"H\u00f4tel Gloria & Avenue\"},\"image\":{\"@id\":\"https:\/\/hotel-gloria-lourdes.com\/#\/schema\/logo\/image\/\"},\"sameAs\":[\"https:\/\/fr-fr.facebook.com\/HotelGloriaEtAvenue\/\"]}]}<\/script>\n<!-- \/ Yoast SEO plugin. -->","yoast_head_json":{"title":"Activities - H\u00f4tel Gloria &amp; Avenue","robots":{"index":"index","follow":"follow","max-snippet":"max-snippet:-1","max-image-preview":"max-image-preview:large","max-video-preview":"max-video-preview:-1"},"canonical":"https:\/\/hotel-gloria-lourdes.com\/de\/activities\/","og_locale":"de_DE","og_type":"article","og_title":"Activities - H\u00f4tel Gloria &amp; Avenue","og_description":"Col du Tourmalet Col d\u2019Aspin Col du Soulor Col d&#8217;Aubisque","og_url":"https:\/\/hotel-gloria-lourdes.com\/de\/activities\/","og_site_name":"H\u00f4tel Gloria &amp; Avenue","article_publisher":"https:\/\/fr-fr.facebook.com\/HotelGloriaEtAvenue\/","article_modified_time":"2021-04-18T18:29:54+00:00","twitter_card":"summary_large_image","schema":{"@context":"https:\/\/schema.org","@graph":[{"@type":"WebPage","@id":"https:\/\/hotel-gloria-lourdes.com\/activities\/","url":"https:\/\/hotel-gloria-lourdes.com\/activities\/","name":"Activities - H\u00f4tel Gloria &amp; Avenue","isPartOf":{"@id":"https:\/\/hotel-gloria-lourdes.com\/#website"},"datePublished":"2021-04-17T22:04:26+00:00","dateModified":"2021-04-18T18:29:54+00:00","breadcrumb":{"@id":"https:\/\/hotel-gloria-lourdes.com\/activities\/#breadcrumb"},"inLanguage":"de","potentialAction":[{"@type":"ReadAction","target":["https:\/\/hotel-gloria-lourdes.com\/activities\/"]}]},{"@type":"BreadcrumbList","@id":"https:\/\/hotel-gloria-lourdes.com\/activities\/#breadcrumb","itemListElement":[{"@type":"ListItem","position":1,"name":"Accueil","item":"https:\/\/hotel-gloria-lourdes.com\/"},{"@type":"ListItem","position":2,"name":"Activities"}]},{"@type":"WebSite","@id":"https:\/\/hotel-gloria-lourdes.com\/#website","url":"https:\/\/hotel-gloria-lourdes.com\/","name":"H\u00f4tel Gloria &amp; Avenue","description":"Lourdes ***","publisher":{"@id":"https:\/\/hotel-gloria-lourdes.com\/#organization"},"potentialAction":[{"@type":"SearchAction","target":{"@type":"EntryPoint","urlTemplate":"https:\/\/hotel-gloria-lourdes.com\/?s={search_term_string}"},"query-input":"required name=search_term_string"}],"inLanguage":"de"},{"@type":"Organization","@id":"https:\/\/hotel-gloria-lourdes.com\/#organization","name":"H\u00f4tel Gloria & Avenue","url":"https:\/\/hotel-gloria-lourdes.com\/","logo":{"@type":"ImageObject","inLanguage":"de","@id":"https:\/\/hotel-gloria-lourdes.com\/#\/schema\/logo\/image\/","url":"https:\/\/hotel-gloria-lourdes.com\/wp-content\/uploads\/2021\/07\/Logo-Hotel-Gloria-Avenue-site-bleu.png","contentUrl":"https:\/\/hotel-gloria-lourdes.com\/wp-content\/uploads\/2021\/07\/Logo-Hotel-Gloria-Avenue-site-bleu.png","width":695,"height":500,"caption":"H\u00f4tel Gloria & Avenue"},"image":{"@id":"https:\/\/hotel-gloria-lourdes.com\/#\/schema\/logo\/image\/"},"sameAs":["https:\/\/fr-fr.facebook.com\/HotelGloriaEtAvenue\/"]}]}},"_links":{"self":[{"href":"https:\/\/hotel-gloria-lourdes.com\/de\/wp-json\/wp\/v2\/pages\/3448","targetHints":{"allow":["GET"]}}],"collection":[{"href":"https:\/\/hotel-gloria-lourdes.com\/de\/wp-json\/wp\/v2\/pages"}],"about":[{"href":"https:\/\/hotel-gloria-lourdes.com\/de\/wp-json\/wp\/v2\/types\/page"}],"author":[{"embeddable":true,"href":"https:\/\/hotel-gloria-lourdes.com\/de\/wp-json\/wp\/v2\/users\/1"}],"replies":[{"embeddable":true,"href":"https:\/\/hotel-gloria-lourdes.com\/de\/wp-json\/wp\/v2\/comments?post=3448"}],"version-history":[{"count":0,"href":"https:\/\/hotel-gloria-lourdes.com\/de\/wp-json\/wp\/v2\/pages\/3448\/revisions"}],"wp:attachment":[{"href":"https:\/\/hotel-gloria-lourdes.com\/de\/wp-json\/wp\/v2\/media?parent=3448"}],"curies":[{"name":"wp","href":"https:\/\/api.w.org\/{rel}","templated":true}]}}