{"id":4248,"date":"2022-07-21T09:42:24","date_gmt":"2022-07-21T07:42:24","guid":{"rendered":"https:\/\/hotel-gloria-lourdes.com\/?page_id=4248"},"modified":"2022-07-21T18:02:57","modified_gmt":"2022-07-21T16:02:57","slug":"mentions-legales","status":"publish","type":"page","link":"https:\/\/hotel-gloria-lourdes.com\/it\/mentions-legales\/","title":{"rendered":"<p>Avviso legale<\/p>"},"content":{"rendered":"<div data-elementor-type=\"wp-page\" data-elementor-id=\"4248\" class=\"elementor elementor-4248\">\n\t\t\t\t\t\t\t\t\t<section class=\"elementor-section elementor-top-section elementor-element elementor-element-77f536b elementor-section-boxed elementor-section-height-default elementor-section-height-default\" data-id=\"77f536b\" data-element_type=\"section\">\n\t\t\t\t\t\t<div class=\"elementor-container elementor-column-gap-default\">\n\t\t\t\t\t<div class=\"elementor-column elementor-col-100 elementor-top-column elementor-element elementor-element-efe8dd5\" data-id=\"efe8dd5\" data-element_type=\"column\">\n\t\t\t<div class=\"elementor-widget-wrap elementor-element-populated\">\n\t\t\t\t\t\t\t\t<div class=\"elementor-element elementor-element-32f9de3 elementor-widget elementor-widget-text-editor\" data-id=\"32f9de3\" data-element_type=\"widget\" data-widget_type=\"text-editor.default\">\n\t\t\t\t<div class=\"elementor-widget-container\">\n\t\t\t<style>\/*! elementor - v3.11.2 - 22-02-2023 *\/\n.elementor-widget-text-editor.elementor-drop-cap-view-stacked .elementor-drop-cap{background-color:#818a91;color:#fff}.elementor-widget-text-editor.elementor-drop-cap-view-framed .elementor-drop-cap{color:#818a91;border:3px solid;background-color:transparent}.elementor-widget-text-editor:not(.elementor-drop-cap-view-default) .elementor-drop-cap{margin-top:8px}.elementor-widget-text-editor:not(.elementor-drop-cap-view-default) .elementor-drop-cap-letter{width:1em;height:1em}.elementor-widget-text-editor .elementor-drop-cap{float:left;text-align:center;line-height:1;font-size:50px}.elementor-widget-text-editor .elementor-drop-cap-letter{display:inline-block}<\/style>\t\t\t\t<h2>Chi siamo noi ?<\/h2>\n<p>L&#039;indirizzo del nostro sito \u00e8: <a href=\"https:\/\/hotel-gloria-lourdes.com\/it\/\">https:\/\/hotel-gloria-lourdes.com<\/a><\/p>\n<p><strong>Indirizzo Web:<\/strong><a href=\"https:\/\/hotel-gloria-lourdes.com\/it\/\">https:\/\/hotel-gloria-lourdes.com<\/a><br><strong>Editor del sito\/nome dell&#039;azienda:<\/strong>&nbsp;<span style=\"box-sizing: inherit; position: relative;\">SARL CPGH<\/span><span style=\"box-sizing: inherit; position: relative;\"><br><\/span><span style=\"box-sizing: inherit; position: relative;\"><br><\/span><strong>La sede:<\/strong> 30 AV PEYRAMALE 65100 LOURDES<br><strong>SIRET:<\/strong>&nbsp;39262450800033<br><strong>Informazioni sui contatti :<\/strong><br>Booking@Hotel-Gloria-Lourdes.Com<br>Telefono: (+33) 5 62 94 23 48<br><strong>Dati di contatto dell&#039;host:<\/strong><\/p>\n<p>OVH<br>SAS con un capitale di 10.174.560?<\/p>\n<p>RCS Lille M\u00e9tropole 424 761 419 00045<br>Codice APE 2620Z<br>Partita IVA: FR 22 424 761 419<br>Sede legale: 2 rue Kellermann \u2013 59100 Roubaix \u2013 Francia<\/p>\n<p>Sito web <a href=\"https:\/\/hotel-gloria-lourdes.com\/it\/\">https:\/\/hotel-gloria-lourdes.com <\/a>&nbsp;\u00e8 di propriet\u00e0 esclusiva di SARL CPGH.<\/p>\n<p>La consultazione del Sito \u00e8 subordinata alla piena accettazione e al rispetto da parte degli utenti Internet delle seguenti condizioni d&#039;uso.<\/p>\n<p>L&#039;utente Internet si impegna a fare un uso personale e non commerciale delle informazioni contenute nel Sito. In caso di mancato rispetto delle disposizioni delle presenti note legali, da parte dell&#039;utente Internet, pu\u00f2 incorrere nella sua responsabilit\u00e0 civile e\/o penale.<\/p>\n<h2>Commenti<\/h2>\n<p>Quando lasci un commento sul nostro sito, i dati inseriti nel modulo dei commenti, cos\u00ec come il tuo indirizzo IP e lo user agent del tuo browser vengono raccolti per aiutarci a rilevare i commenti indesiderati.<\/p>\n<p>Una stringa anonima creata dal tuo indirizzo email (chiamato anche hash) pu\u00f2 essere inviata al servizio Gravatar per verificare se lo stai utilizzando. Le clausole di riservatezza del servizio Gravatar sono disponibili qui: https:\/\/automaptic.com\/privacy\/. Dopo la convalida del tuo commento, la tua foto del profilo sar\u00e0 pubblicamente visibile accanto al tuo commento.<\/p>\n<h2>Media<\/h2>\n<p>Se carichi immagini sul sito, ti consigliamo di evitare di caricare immagini contenenti dati EXIF delle coordinate GPS. Le persone che visitano il tuo sito possono scaricare ed estrarre i dati sulla posizione da queste immagini.<\/p>\n<h2>Biscotti<\/h2>\n<p>Se lasci un commento sul nostro sito, ti verr\u00e0 offerto di salvare il tuo nome, indirizzo e-mail e sito nei cookie. Questo \u00e8 solo per la tua comodit\u00e0 in modo da non dover inserire queste informazioni se invii un altro commento in seguito. Questi cookie scadono dopo un anno.<\/p>\n<p>Se accedi alla pagina di accesso, verr\u00e0 creato un cookie temporaneo per determinare se il tuo browser accetta i cookie. Non contiene dati personali e verr\u00e0 cancellato automaticamente alla chiusura del browser.<\/p>\n<p>Quando accedi, imposteremo una serie di cookie per salvare i tuoi dettagli di accesso e le preferenze dello schermo. La durata di un cookie di connessione \u00e8 di due giorni, quella di un cookie di opzione dello schermo \u00e8 di un anno. Se selezioni &quot;Ricordami&quot;, il tuo cookie di accesso verr\u00e0 conservato per due settimane. Se esci dal tuo account, il cookie di accesso verr\u00e0 cancellato.<\/p>\n<p>Modificando o pubblicando un post, un cookie aggiuntivo verr\u00e0 salvato nel tuo browser. Questo cookie non include alcun dato personale. Mostra solo l&#039;ID del post che hai appena modificato. Scade dopo un giorno.<\/p>\n<h2>statistiche di Google<\/h2>\n<p><span style=\"color: var( --e-global-color-text ); font-family: var( --e-global-typography-text-font-family ), Sans-serif; font-weight: var( --e-global-typography-text-font-weight );\">SARL CPGH<\/span>&nbsp;utilizza Google Analytics per tracciare gli utenti su questo Sito.<\/p>\n<p>I cookie sono utilizzati da Google Analytics per raccogliere questi dati.<\/p>\n<p>Al fine di ottemperare alla nuova normativa, Google ha inserito una modifica al trattamento dei dati che gli utenti Internet possono consultare&nbsp;<a href=\"https:\/\/www.google.com\/analytics\/terms\/dpa\/dataprocessingamendment_20130906.html\" target=\"_blank\" rel=\"noreferrer noopener\">pagina successiva<\/a>.<\/p>\n<p>Il&nbsp;<span style=\"color: var( --e-global-color-text ); font-family: var( --e-global-typography-text-font-family ), Sans-serif; font-weight: var( --e-global-typography-text-font-weight );\">SARL CPGH<\/span><span style=\"color: var( --e-global-color-text ); font-family: var( --e-global-typography-text-font-family ), Sans-serif; font-weight: var( --e-global-typography-text-font-weight );\">&nbsp;si impegna a trattare i dati raccolti in forma anonima e a disattivare la &quot;condivisione dei dati&quot;.<\/span><\/p>\n<h2>Contenuti incorporati da altri siti<\/h2>\n<p>Gli articoli su questo sito possono includere contenuti incorporati (ad es. video, immagini, articoli?). I contenuti incorporati da altri siti si comportano come se il visitatore arrivasse a quell&#039;altro sito.<\/p>\n<p>Questi siti Web potrebbero raccogliere dati su di te, utilizzare cookie, incorporare strumenti di tracciamento di terze parti, tracciare le tue interazioni con questo contenuto incorporato se hai un account collegato al loro sito Web.<\/p>\n<h2>Utilizzo e trasmissione dei tuoi dati personali<\/h2>\n<p>Se richiedi la reimpostazione della password, il tuo indirizzo IP verr\u00e0 incluso nell&#039;e-mail di reimpostazione.<\/p>\n<h2>Tempi di conservazione dei tuoi dati<\/h2>\n<p>Se lasci un commento, il commento e i relativi metadati vengono conservati a tempo indeterminato. Questo riconosce e approva automaticamente i commenti successivi invece di lasciarli nella coda di moderazione.<\/p>\n<p>Per gli account che si registrano sul nostro sito (se applicabile), memorizziamo anche i dati personali elencati nel loro profilo. Tutti gli account possono vedere, modificare o eliminare le proprie informazioni personali in qualsiasi momento (tranne il loro identificatore). I gestori del sito possono anche visualizzare e modificare queste informazioni.<\/p>\n<h2>I diritti che hai sui tuoi dati<\/h2>\n<p>Se hai un account o se hai lasciato commenti sul sito, puoi richiedere di ricevere un file contenente tutti i dati personali che abbiamo su di te, compresi quelli che ci hai fornito. Puoi anche richiedere la cancellazione dei dati personali che ti riguardano. Questo non tiene conto dei dati conservati per motivi amministrativi, legali o di sicurezza.<\/p>\n<h2>Trasmissione dei tuoi dati personali<\/h2>\n<p>I commenti dei visitatori possono essere controllati tramite un servizio di rilevamento automatico dello spam.<\/p>\t\t\t\t\t\t<\/div>\n\t\t\t\t<\/div>\n\t\t\t\t\t<\/div>\n\t\t<\/div>\n\t\t\t\t\t\t\t<\/div>\n\t\t<\/section>\n\t\t\t\t\t\t\t<\/div>","protected":false},"excerpt":{"rendered":"<p>Chi siamo noi ?<br>\nL&#039;indirizzo del nostro sito \u00e8: https:\/\/hotel-gloria-lourdes.com<br>\nIndirizzo del sito web: https:\/\/hotel-gloria-lourdes.com Editore del sito web\/nome dell&#039;azienda: SARL CPGH<br>\nSede: 30 AV PEYRAMALE 65100 LOURDESSIRET: 39262450800033 Recapiti: Booking@Hotel-Gloria-Lourdes.Com Telefono: (+33) 5 62 94 23 48 Recapiti host:<br>\nOVHSAS con un capitale di 10.174.560?<br>\nRCS Lille M\u00e9tropole 424 761 419 00045 Codice APE <\/p>","protected":false},"author":1,"featured_media":0,"parent":0,"menu_order":0,"comment_status":"closed","ping_status":"closed","template":"","meta":{"footnotes":""},"class_list":["post-4248","page","type-page","status-publish","hentry"],"yoast_head":"<!-- This site is optimized with the Yoast SEO plugin v22.0 - https:\/\/yoast.com\/wordpress\/plugins\/seo\/ -->\n<title>Mentions l\u00e9gales - H\u00f4tel Gloria &amp; Avenue<\/title>\n<meta name=\"robots\" content=\"index, follow, max-snippet:-1, max-image-preview:large, max-video-preview:-1\" \/>\n<link rel=\"canonical\" href=\"https:\/\/hotel-gloria-lourdes.com\/it\/mentions-legales\/\" \/>\n<meta property=\"og:locale\" content=\"it_IT\" \/>\n<meta property=\"og:type\" content=\"article\" \/>\n<meta property=\"og:title\" content=\"Mentions l\u00e9gales - H\u00f4tel Gloria &amp; Avenue\" \/>\n<meta property=\"og:description\" content=\"Qui sommes-nous&nbsp;? L\u2019adresse de notre site est : https:\/\/hotel-gloria-lourdes.com Adresse du site Web :https:\/\/hotel-gloria-lourdes.comEditeur du site\/raison sociale :&nbsp;SARL CPGH Si\u00e8ge social : 30 AV PEYRAMALE 65100 LOURDESSIRET :&nbsp;39262450800033Coordonn\u00e9es :Booking@Hotel-Gloria-Lourdes.ComT\u00e9l\u00e9phone : (+33) 5 62 94 23 48Coordonn\u00e9es de l\u2019h\u00e9bergeur : OVHSAS au capital de 10 174 560 \u20ac RCS Lille M\u00e9tropole 424 761 419 00045Code APE\" \/>\n<meta property=\"og:url\" content=\"https:\/\/hotel-gloria-lourdes.com\/it\/mentions-legales\/\" \/>\n<meta property=\"og:site_name\" content=\"H\u00f4tel Gloria &amp; Avenue\" \/>\n<meta property=\"article:publisher\" content=\"https:\/\/fr-fr.facebook.com\/HotelGloriaEtAvenue\/\" \/>\n<meta property=\"article:modified_time\" content=\"2022-07-21T16:02:57+00:00\" \/>\n<meta name=\"twitter:card\" content=\"summary_large_image\" \/>\n<meta name=\"twitter:label1\" content=\"Tempo di lettura stimato\" \/>\n\t<meta name=\"twitter:data1\" content=\"5 minuti\" \/>\n<script type=\"application\/ld+json\" class=\"yoast-schema-graph\">{\"@context\":\"https:\/\/schema.org\",\"@graph\":[{\"@type\":\"WebPage\",\"@id\":\"https:\/\/hotel-gloria-lourdes.com\/mentions-legales\/\",\"url\":\"https:\/\/hotel-gloria-lourdes.com\/mentions-legales\/\",\"name\":\"Mentions l\u00e9gales - H\u00f4tel Gloria &amp; Avenue\",\"isPartOf\":{\"@id\":\"https:\/\/hotel-gloria-lourdes.com\/#website\"},\"datePublished\":\"2022-07-21T07:42:24+00:00\",\"dateModified\":\"2022-07-21T16:02:57+00:00\",\"breadcrumb\":{\"@id\":\"https:\/\/hotel-gloria-lourdes.com\/mentions-legales\/#breadcrumb\"},\"inLanguage\":\"it-IT\",\"potentialAction\":[{\"@type\":\"ReadAction\",\"target\":[\"https:\/\/hotel-gloria-lourdes.com\/mentions-legales\/\"]}]},{\"@type\":\"BreadcrumbList\",\"@id\":\"https:\/\/hotel-gloria-lourdes.com\/mentions-legales\/#breadcrumb\",\"itemListElement\":[{\"@type\":\"ListItem\",\"position\":1,\"name\":\"Accueil\",\"item\":\"https:\/\/hotel-gloria-lourdes.com\/\"},{\"@type\":\"ListItem\",\"position\":2,\"name\":\"Mentions l\u00e9gales\"}]},{\"@type\":\"WebSite\",\"@id\":\"https:\/\/hotel-gloria-lourdes.com\/#website\",\"url\":\"https:\/\/hotel-gloria-lourdes.com\/\",\"name\":\"H\u00f4tel Gloria &amp; Avenue\",\"description\":\"Lourdes ***\",\"publisher\":{\"@id\":\"https:\/\/hotel-gloria-lourdes.com\/#organization\"},\"potentialAction\":[{\"@type\":\"SearchAction\",\"target\":{\"@type\":\"EntryPoint\",\"urlTemplate\":\"https:\/\/hotel-gloria-lourdes.com\/?s={search_term_string}\"},\"query-input\":\"required name=search_term_string\"}],\"inLanguage\":\"it-IT\"},{\"@type\":\"Organization\",\"@id\":\"https:\/\/hotel-gloria-lourdes.com\/#organization\",\"name\":\"H\u00f4tel Gloria & Avenue\",\"url\":\"https:\/\/hotel-gloria-lourdes.com\/\",\"logo\":{\"@type\":\"ImageObject\",\"inLanguage\":\"it-IT\",\"@id\":\"https:\/\/hotel-gloria-lourdes.com\/#\/schema\/logo\/image\/\",\"url\":\"https:\/\/hotel-gloria-lourdes.com\/wp-content\/uploads\/2021\/07\/Logo-Hotel-Gloria-Avenue-site-bleu.png\",\"contentUrl\":\"https:\/\/hotel-gloria-lourdes.com\/wp-content\/uploads\/2021\/07\/Logo-Hotel-Gloria-Avenue-site-bleu.png\",\"width\":695,\"height\":500,\"caption\":\"H\u00f4tel Gloria & Avenue\"},\"image\":{\"@id\":\"https:\/\/hotel-gloria-lourdes.com\/#\/schema\/logo\/image\/\"},\"sameAs\":[\"https:\/\/fr-fr.facebook.com\/HotelGloriaEtAvenue\/\"]}]}<\/script>\n<!-- \/ Yoast SEO plugin. -->","yoast_head_json":{"title":"Mentions l\u00e9gales - H\u00f4tel Gloria &amp; Avenue","robots":{"index":"index","follow":"follow","max-snippet":"max-snippet:-1","max-image-preview":"max-image-preview:large","max-video-preview":"max-video-preview:-1"},"canonical":"https:\/\/hotel-gloria-lourdes.com\/it\/mentions-legales\/","og_locale":"it_IT","og_type":"article","og_title":"Mentions l\u00e9gales - H\u00f4tel Gloria &amp; Avenue","og_description":"Qui sommes-nous&nbsp;? L\u2019adresse de notre site est : https:\/\/hotel-gloria-lourdes.com Adresse du site Web :https:\/\/hotel-gloria-lourdes.comEditeur du site\/raison sociale :&nbsp;SARL CPGH Si\u00e8ge social : 30 AV PEYRAMALE 65100 LOURDESSIRET :&nbsp;39262450800033Coordonn\u00e9es :Booking@Hotel-Gloria-Lourdes.ComT\u00e9l\u00e9phone : (+33) 5 62 94 23 48Coordonn\u00e9es de l\u2019h\u00e9bergeur : OVHSAS au capital de 10 174 560 \u20ac RCS Lille M\u00e9tropole 424 761 419 00045Code APE","og_url":"https:\/\/hotel-gloria-lourdes.com\/it\/mentions-legales\/","og_site_name":"H\u00f4tel Gloria &amp; Avenue","article_publisher":"https:\/\/fr-fr.facebook.com\/HotelGloriaEtAvenue\/","article_modified_time":"2022-07-21T16:02:57+00:00","twitter_card":"summary_large_image","twitter_misc":{"Tempo di lettura stimato":"5 minuti"},"schema":{"@context":"https:\/\/schema.org","@graph":[{"@type":"WebPage","@id":"https:\/\/hotel-gloria-lourdes.com\/mentions-legales\/","url":"https:\/\/hotel-gloria-lourdes.com\/mentions-legales\/","name":"Mentions l\u00e9gales - H\u00f4tel Gloria &amp; Avenue","isPartOf":{"@id":"https:\/\/hotel-gloria-lourdes.com\/#website"},"datePublished":"2022-07-21T07:42:24+00:00","dateModified":"2022-07-21T16:02:57+00:00","breadcrumb":{"@id":"https:\/\/hotel-gloria-lourdes.com\/mentions-legales\/#breadcrumb"},"inLanguage":"it-IT","potentialAction":[{"@type":"ReadAction","target":["https:\/\/hotel-gloria-lourdes.com\/mentions-legales\/"]}]},{"@type":"BreadcrumbList","@id":"https:\/\/hotel-gloria-lourdes.com\/mentions-legales\/#breadcrumb","itemListElement":[{"@type":"ListItem","position":1,"name":"Accueil","item":"https:\/\/hotel-gloria-lourdes.com\/"},{"@type":"ListItem","position":2,"name":"Mentions l\u00e9gales"}]},{"@type":"WebSite","@id":"https:\/\/hotel-gloria-lourdes.com\/#website","url":"https:\/\/hotel-gloria-lourdes.com\/","name":"H\u00f4tel Gloria &amp; Avenue","description":"Lourdes ***","publisher":{"@id":"https:\/\/hotel-gloria-lourdes.com\/#organization"},"potentialAction":[{"@type":"SearchAction","target":{"@type":"EntryPoint","urlTemplate":"https:\/\/hotel-gloria-lourdes.com\/?s={search_term_string}"},"query-input":"required name=search_term_string"}],"inLanguage":"it-IT"},{"@type":"Organization","@id":"https:\/\/hotel-gloria-lourdes.com\/#organization","name":"H\u00f4tel Gloria & Avenue","url":"https:\/\/hotel-gloria-lourdes.com\/","logo":{"@type":"ImageObject","inLanguage":"it-IT","@id":"https:\/\/hotel-gloria-lourdes.com\/#\/schema\/logo\/image\/","url":"https:\/\/hotel-gloria-lourdes.com\/wp-content\/uploads\/2021\/07\/Logo-Hotel-Gloria-Avenue-site-bleu.png","contentUrl":"https:\/\/hotel-gloria-lourdes.com\/wp-content\/uploads\/2021\/07\/Logo-Hotel-Gloria-Avenue-site-bleu.png","width":695,"height":500,"caption":"H\u00f4tel Gloria & Avenue"},"image":{"@id":"https:\/\/hotel-gloria-lourdes.com\/#\/schema\/logo\/image\/"},"sameAs":["https:\/\/fr-fr.facebook.com\/HotelGloriaEtAvenue\/"]}]}},"_links":{"self":[{"href":"https:\/\/hotel-gloria-lourdes.com\/it\/wp-json\/wp\/v2\/pages\/4248","targetHints":{"allow":["GET"]}}],"collection":[{"href":"https:\/\/hotel-gloria-lourdes.com\/it\/wp-json\/wp\/v2\/pages"}],"about":[{"href":"https:\/\/hotel-gloria-lourdes.com\/it\/wp-json\/wp\/v2\/types\/page"}],"author":[{"embeddable":true,"href":"https:\/\/hotel-gloria-lourdes.com\/it\/wp-json\/wp\/v2\/users\/1"}],"replies":[{"embeddable":true,"href":"https:\/\/hotel-gloria-lourdes.com\/it\/wp-json\/wp\/v2\/comments?post=4248"}],"version-history":[{"count":0,"href":"https:\/\/hotel-gloria-lourdes.com\/it\/wp-json\/wp\/v2\/pages\/4248\/revisions"}],"wp:attachment":[{"href":"https:\/\/hotel-gloria-lourdes.com\/it\/wp-json\/wp\/v2\/media?parent=4248"}],"curies":[{"name":"wp","href":"https:\/\/api.w.org\/{rel}","templated":true}]}}