{"id":3450,"date":"2021-04-18T00:04:46","date_gmt":"2021-04-17T22:04:46","guid":{"rendered":"http:\/\/www.hotel-gloria-lourdes.com\/?page_id=3450"},"modified":"2021-04-18T02:47:00","modified_gmt":"2021-04-18T00:47:00","slug":"promotions","status":"publish","type":"page","link":"https:\/\/hotel-gloria-lourdes.com\/nl\/promotions\/","title":{"rendered":"<p>Specials<\/p>"},"content":{"rendered":"<div data-elementor-type=\"wp-page\" data-elementor-id=\"3450\" class=\"elementor elementor-3450\">\n\t\t\t\t\t\t\t\t\t<section class=\"elementor-section elementor-top-section elementor-element elementor-element-d3bfe5a elementor-section-boxed elementor-section-height-default elementor-section-height-default\" data-id=\"d3bfe5a\" data-element_type=\"section\">\n\t\t\t\t\t\t<div class=\"elementor-container elementor-column-gap-default\">\n\t\t\t\t\t<div class=\"elementor-column elementor-col-100 elementor-top-column elementor-element elementor-element-0c39154\" data-id=\"0c39154\" data-element_type=\"column\">\n\t\t\t<div class=\"elementor-widget-wrap elementor-element-populated\">\n\t\t\t\t\t\t\t\t<div class=\"elementor-element elementor-element-a6a0acf elementor-widget__width-inherit elementor-invisible elementor-widget elementor-widget-thim-column-post\" data-id=\"a6a0acf\" data-element_type=\"widget\" data-settings='{\"_animation\":\"fadeIn\"}' data-widget_type=\"thim-column-post.default\">\n\t\t\t\t<div class=\"elementor-widget-container\">\n\t\t\t<ul class=\"thim-column-posts\"><div class=\"post-item col-md-4\">\t\t\t<li class=\"post-3470 post type-post status-publish format-gallery has-post-thumbnail hentry category-promotions post_format-post-format-gallery\">\n\t\t\t\t<div class=\"article-title-wrapper\"><div class=\"category\">Specials<\/div><h5><a href=\"https:\/\/hotel-gloria-lourdes.com\/nl\/sejours-groupes\/\" class=\"article-title\">Verblijven voor groepen<\/a><\/h5><p>Het hotel ontvangt groepen vanaf 20 personen en biedt aantrekkelijke tarieven, aangepast aan uw wensen.<\/p><div class=\"button_read_more\"><a href=\"https:\/\/hotel-gloria-lourdes.com\/nl\/sejours-groupes\/\">Lees verder<\/a><\/div><\/div><div class=\"article-image\"><img loading=\"lazy\" decoding=\"async\" width=\"434\" height=\"419\" src=\"https:\/\/hotel-gloria-lourdes.com\/wp-content\/uploads\/2021\/04\/FLO_0785-1-434x419.jpg\" alt=\"Verblijven voor groepen\" class=\"\"><\/div>\t\t\t<\/li>\n\t\t<\/div><div class=\"post-item col-md-4\">\t\t\t<li class=\"post-3476 post type-post status-publish format-gallery has-post-thumbnail hentry category-promotions post_format-post-format-gallery\">\n\t\t\t\t<div class=\"article-image\"><img loading=\"lazy\" decoding=\"async\" width=\"434\" height=\"419\" src=\"https:\/\/hotel-gloria-lourdes.com\/wp-content\/uploads\/2021\/04\/Procession-434x349.jpeg\" alt=\"Speciale pakketten\" class=\"\"><\/div><div class=\"article-title-wrapper\"><div class=\"category\">Specials<\/div><h5><a href=\"https:\/\/hotel-gloria-lourdes.com\/nl\/forfaits-speciaux\/\" class=\"article-title\">Speciale pakketten<\/a><\/h5><p>L&rsquo;H&ocirc;tel propose des forfaits de s&eacute;jour:\n\nEn pension compl&egrave;te avec un suppl&eacute;ment de 33? par personne (LoPC: Logement...<\/p><div class=\"button_read_more\"><a href=\"https:\/\/hotel-gloria-lourdes.com\/nl\/forfaits-speciaux\/\">Lees verder<\/a><\/div><\/div>\t\t\t<\/li>\n\t\t\t<\/div><\/ul><\/div>\t\t<\/div>\n\t\t\t\t<\/div>\n\t\t\t\t\t<\/div>\n\t\t<\/div>\n\t\t\t\t\t\t\t<\/section><\/div>","protected":false},"excerpt":{"rendered":"<p>Het hotel biedt verblijfsarrangementen:<p>En pension compl&egrave;te avec un suppl&eacute;ment de 33? par personne (LoPC: Logement + Petit d&eacute;jeuner + 2 repas)<br>\nHalfpension met een toeslag van 25? per persoon (LoDR: Accommodatie + Ontbijt + 1 maaltijd)<\/p><p>Kinderen die een kamer delen met de ouders profiteren van kortingen op <\/p><\/p>","protected":false},"author":1,"featured_media":0,"parent":0,"menu_order":0,"comment_status":"closed","ping_status":"closed","template":"","meta":{"footnotes":""},"class_list":["post-3450","page","type-page","status-publish","hentry"],"yoast_head":"<!-- This site is optimized with the Yoast SEO plugin v22.0 - https:\/\/yoast.com\/wordpress\/plugins\/seo\/ -->\n<title>Promotions - H\u00f4tel Gloria &amp; Avenue<\/title>\n<meta name=\"robots\" content=\"index, follow, max-snippet:-1, max-image-preview:large, max-video-preview:-1\" \/>\n<link rel=\"canonical\" href=\"https:\/\/hotel-gloria-lourdes.com\/nl\/promotions\/\" \/>\n<meta property=\"og:locale\" content=\"nl_NL\" \/>\n<meta property=\"og:type\" content=\"article\" \/>\n<meta property=\"og:title\" content=\"Promotions - H\u00f4tel Gloria &amp; Avenue\" \/>\n<meta property=\"og:description\" content=\"L&#8217;H\u00f4tel propose des forfaits de s\u00e9jour: En pension compl\u00e8te avec un suppl\u00e9ment de 33\u20ac par personne (LoPC: Logement + Petit d\u00e9jeuner + 2 repas) En demi-pension avec suppl\u00e9ment de 25\u20ac par personne (LoDR: Logement + Petit d\u00e9jeuner + 1 repas) Les enfants qui partagent la chambre avec les parents b\u00e9n\u00e9ficient de r\u00e9ductions sur\" \/>\n<meta property=\"og:url\" content=\"https:\/\/hotel-gloria-lourdes.com\/nl\/promotions\/\" \/>\n<meta property=\"og:site_name\" content=\"H\u00f4tel Gloria &amp; Avenue\" \/>\n<meta property=\"article:publisher\" content=\"https:\/\/fr-fr.facebook.com\/HotelGloriaEtAvenue\/\" \/>\n<meta property=\"article:modified_time\" content=\"2021-04-18T00:47:00+00:00\" \/>\n<meta property=\"og:image\" content=\"http:\/\/www.hotel-gloria-lourdes.com\/wp-content\/uploads\/sites\/3\/2021\/04\/FLO_0793-1-434x419.jpg\" \/>\n<meta name=\"twitter:card\" content=\"summary_large_image\" \/>\n<script type=\"application\/ld+json\" class=\"yoast-schema-graph\">{\"@context\":\"https:\/\/schema.org\",\"@graph\":[{\"@type\":\"WebPage\",\"@id\":\"https:\/\/hotel-gloria-lourdes.com\/en\/promotions\/\",\"url\":\"https:\/\/hotel-gloria-lourdes.com\/en\/promotions\/\",\"name\":\"Promotions - H\u00f4tel Gloria &amp; Avenue\",\"isPartOf\":{\"@id\":\"https:\/\/hotel-gloria-lourdes.com\/#website\"},\"datePublished\":\"2021-04-17T22:04:46+00:00\",\"dateModified\":\"2021-04-18T00:47:00+00:00\",\"breadcrumb\":{\"@id\":\"https:\/\/hotel-gloria-lourdes.com\/en\/promotions\/#breadcrumb\"},\"inLanguage\":\"nl-NL\",\"potentialAction\":[{\"@type\":\"ReadAction\",\"target\":[\"https:\/\/hotel-gloria-lourdes.com\/en\/promotions\/\"]}]},{\"@type\":\"BreadcrumbList\",\"@id\":\"https:\/\/hotel-gloria-lourdes.com\/en\/promotions\/#breadcrumb\",\"itemListElement\":[{\"@type\":\"ListItem\",\"position\":1,\"name\":\"Accueil\",\"item\":\"https:\/\/hotel-gloria-lourdes.com\/\"},{\"@type\":\"ListItem\",\"position\":2,\"name\":\"Promotions\"}]},{\"@type\":\"WebSite\",\"@id\":\"https:\/\/hotel-gloria-lourdes.com\/#website\",\"url\":\"https:\/\/hotel-gloria-lourdes.com\/\",\"name\":\"H\u00f4tel Gloria &amp; Avenue\",\"description\":\"Lourdes ***\",\"publisher\":{\"@id\":\"https:\/\/hotel-gloria-lourdes.com\/#organization\"},\"potentialAction\":[{\"@type\":\"SearchAction\",\"target\":{\"@type\":\"EntryPoint\",\"urlTemplate\":\"https:\/\/hotel-gloria-lourdes.com\/?s={search_term_string}\"},\"query-input\":\"required name=search_term_string\"}],\"inLanguage\":\"nl-NL\"},{\"@type\":\"Organization\",\"@id\":\"https:\/\/hotel-gloria-lourdes.com\/#organization\",\"name\":\"H\u00f4tel Gloria & Avenue\",\"url\":\"https:\/\/hotel-gloria-lourdes.com\/\",\"logo\":{\"@type\":\"ImageObject\",\"inLanguage\":\"nl-NL\",\"@id\":\"https:\/\/hotel-gloria-lourdes.com\/#\/schema\/logo\/image\/\",\"url\":\"https:\/\/hotel-gloria-lourdes.com\/wp-content\/uploads\/2021\/07\/Logo-Hotel-Gloria-Avenue-site-bleu.png\",\"contentUrl\":\"https:\/\/hotel-gloria-lourdes.com\/wp-content\/uploads\/2021\/07\/Logo-Hotel-Gloria-Avenue-site-bleu.png\",\"width\":695,\"height\":500,\"caption\":\"H\u00f4tel Gloria & Avenue\"},\"image\":{\"@id\":\"https:\/\/hotel-gloria-lourdes.com\/#\/schema\/logo\/image\/\"},\"sameAs\":[\"https:\/\/fr-fr.facebook.com\/HotelGloriaEtAvenue\/\"]}]}<\/script>\n<!-- \/ Yoast SEO plugin. -->","yoast_head_json":{"title":"Promotions - H\u00f4tel Gloria &amp; Avenue","robots":{"index":"index","follow":"follow","max-snippet":"max-snippet:-1","max-image-preview":"max-image-preview:large","max-video-preview":"max-video-preview:-1"},"canonical":"https:\/\/hotel-gloria-lourdes.com\/nl\/promotions\/","og_locale":"nl_NL","og_type":"article","og_title":"Promotions - H\u00f4tel Gloria &amp; Avenue","og_description":"L&#8217;H\u00f4tel propose des forfaits de s\u00e9jour: En pension compl\u00e8te avec un suppl\u00e9ment de 33\u20ac par personne (LoPC: Logement + Petit d\u00e9jeuner + 2 repas) En demi-pension avec suppl\u00e9ment de 25\u20ac par personne (LoDR: Logement + Petit d\u00e9jeuner + 1 repas) Les enfants qui partagent la chambre avec les parents b\u00e9n\u00e9ficient de r\u00e9ductions sur","og_url":"https:\/\/hotel-gloria-lourdes.com\/nl\/promotions\/","og_site_name":"H\u00f4tel Gloria &amp; Avenue","article_publisher":"https:\/\/fr-fr.facebook.com\/HotelGloriaEtAvenue\/","article_modified_time":"2021-04-18T00:47:00+00:00","og_image":[{"url":"http:\/\/www.hotel-gloria-lourdes.com\/wp-content\/uploads\/sites\/3\/2021\/04\/FLO_0793-1-434x419.jpg"}],"twitter_card":"summary_large_image","schema":{"@context":"https:\/\/schema.org","@graph":[{"@type":"WebPage","@id":"https:\/\/hotel-gloria-lourdes.com\/en\/promotions\/","url":"https:\/\/hotel-gloria-lourdes.com\/en\/promotions\/","name":"Promotions - H\u00f4tel Gloria &amp; Avenue","isPartOf":{"@id":"https:\/\/hotel-gloria-lourdes.com\/#website"},"datePublished":"2021-04-17T22:04:46+00:00","dateModified":"2021-04-18T00:47:00+00:00","breadcrumb":{"@id":"https:\/\/hotel-gloria-lourdes.com\/en\/promotions\/#breadcrumb"},"inLanguage":"nl-NL","potentialAction":[{"@type":"ReadAction","target":["https:\/\/hotel-gloria-lourdes.com\/en\/promotions\/"]}]},{"@type":"BreadcrumbList","@id":"https:\/\/hotel-gloria-lourdes.com\/en\/promotions\/#breadcrumb","itemListElement":[{"@type":"ListItem","position":1,"name":"Accueil","item":"https:\/\/hotel-gloria-lourdes.com\/"},{"@type":"ListItem","position":2,"name":"Promotions"}]},{"@type":"WebSite","@id":"https:\/\/hotel-gloria-lourdes.com\/#website","url":"https:\/\/hotel-gloria-lourdes.com\/","name":"H\u00f4tel Gloria &amp; Avenue","description":"Lourdes ***","publisher":{"@id":"https:\/\/hotel-gloria-lourdes.com\/#organization"},"potentialAction":[{"@type":"SearchAction","target":{"@type":"EntryPoint","urlTemplate":"https:\/\/hotel-gloria-lourdes.com\/?s={search_term_string}"},"query-input":"required name=search_term_string"}],"inLanguage":"nl-NL"},{"@type":"Organization","@id":"https:\/\/hotel-gloria-lourdes.com\/#organization","name":"H\u00f4tel Gloria & Avenue","url":"https:\/\/hotel-gloria-lourdes.com\/","logo":{"@type":"ImageObject","inLanguage":"nl-NL","@id":"https:\/\/hotel-gloria-lourdes.com\/#\/schema\/logo\/image\/","url":"https:\/\/hotel-gloria-lourdes.com\/wp-content\/uploads\/2021\/07\/Logo-Hotel-Gloria-Avenue-site-bleu.png","contentUrl":"https:\/\/hotel-gloria-lourdes.com\/wp-content\/uploads\/2021\/07\/Logo-Hotel-Gloria-Avenue-site-bleu.png","width":695,"height":500,"caption":"H\u00f4tel Gloria & Avenue"},"image":{"@id":"https:\/\/hotel-gloria-lourdes.com\/#\/schema\/logo\/image\/"},"sameAs":["https:\/\/fr-fr.facebook.com\/HotelGloriaEtAvenue\/"]}]}},"_links":{"self":[{"href":"https:\/\/hotel-gloria-lourdes.com\/nl\/wp-json\/wp\/v2\/pages\/3450","targetHints":{"allow":["GET"]}}],"collection":[{"href":"https:\/\/hotel-gloria-lourdes.com\/nl\/wp-json\/wp\/v2\/pages"}],"about":[{"href":"https:\/\/hotel-gloria-lourdes.com\/nl\/wp-json\/wp\/v2\/types\/page"}],"author":[{"embeddable":true,"href":"https:\/\/hotel-gloria-lourdes.com\/nl\/wp-json\/wp\/v2\/users\/1"}],"replies":[{"embeddable":true,"href":"https:\/\/hotel-gloria-lourdes.com\/nl\/wp-json\/wp\/v2\/comments?post=3450"}],"version-history":[{"count":0,"href":"https:\/\/hotel-gloria-lourdes.com\/nl\/wp-json\/wp\/v2\/pages\/3450\/revisions"}],"wp:attachment":[{"href":"https:\/\/hotel-gloria-lourdes.com\/nl\/wp-json\/wp\/v2\/media?parent=3450"}],"curies":[{"name":"wp","href":"https:\/\/api.w.org\/{rel}","templated":true}]}}