{"id":4248,"date":"2022-07-21T09:42:24","date_gmt":"2022-07-21T07:42:24","guid":{"rendered":"https:\/\/hotel-gloria-lourdes.com\/?page_id=4248"},"modified":"2022-07-21T18:02:57","modified_gmt":"2022-07-21T16:02:57","slug":"mentions-legales","status":"publish","type":"page","link":"https:\/\/hotel-gloria-lourdes.com\/nl\/mentions-legales\/","title":{"rendered":"<p>Juridische kennisgeving<\/p>"},"content":{"rendered":"<div data-elementor-type=\"wp-page\" data-elementor-id=\"4248\" class=\"elementor elementor-4248\">\n\t\t\t\t\t\t\t\t\t<section class=\"elementor-section elementor-top-section elementor-element elementor-element-77f536b elementor-section-boxed elementor-section-height-default elementor-section-height-default\" data-id=\"77f536b\" data-element_type=\"section\">\n\t\t\t\t\t\t<div class=\"elementor-container elementor-column-gap-default\">\n\t\t\t\t\t<div class=\"elementor-column elementor-col-100 elementor-top-column elementor-element elementor-element-efe8dd5\" data-id=\"efe8dd5\" data-element_type=\"column\">\n\t\t\t<div class=\"elementor-widget-wrap elementor-element-populated\">\n\t\t\t\t\t\t\t\t<div class=\"elementor-element elementor-element-32f9de3 elementor-widget elementor-widget-text-editor\" data-id=\"32f9de3\" data-element_type=\"widget\" data-widget_type=\"text-editor.default\">\n\t\t\t\t<div class=\"elementor-widget-container\">\n\t\t\t<style>\/*! elementor - v3.11.2 - 22-02-2023 *\/\n.elementor-widget-text-editor.elementor-drop-cap-view-stacked .elementor-drop-cap{background-color:#818a91;color:#fff}.elementor-widget-text-editor.elementor-drop-cap-view-framed .elementor-drop-cap{color:#818a91;border:3px solid;background-color:transparent}.elementor-widget-text-editor:not(.elementor-drop-cap-view-default) .elementor-drop-cap{margin-top:8px}.elementor-widget-text-editor:not(.elementor-drop-cap-view-default) .elementor-drop-cap-letter{width:1em;height:1em}.elementor-widget-text-editor .elementor-drop-cap{float:left;text-align:center;line-height:1;font-size:50px}.elementor-widget-text-editor .elementor-drop-cap-letter{display:inline-block}<\/style>\t\t\t\t<h2>Wie zijn we ?<\/h2>\n<p>Het adres van onze site is: <a href=\"https:\/\/hotel-gloria-lourdes.com\/nl\/\">https:\/\/hotel-gloria-lourdes.com<\/a><\/p>\n<p><strong>Website adres:<\/strong><a href=\"https:\/\/hotel-gloria-lourdes.com\/nl\/\">https:\/\/hotel-gloria-lourdes.com<\/a><br><strong>Site-editor\/bedrijfsnaam:<\/strong>&nbsp;<span style=\"box-sizing: inherit; position: relative;\">SARL CPGH<\/span><span style=\"box-sizing: inherit; position: relative;\"><br><\/span><span style=\"box-sizing: inherit; position: relative;\"><br><\/span><strong>Het hoofdkantoor :<\/strong> 30 AV PEYRAMALE 65100 LOURDES<br><strong>SIRET:<\/strong>&nbsp;39262450800033<br><strong>Contactgegevens :<\/strong><br>Boeking@Hotel-Gloria-Lourdes.Com<br>Telefoon: (+33) 5 62 94 23 48<br><strong>Contactgegevens van de gastheer:<\/strong><\/p>\n<p>OVH<br>SAS met een kapitaal van 10.174.560?<\/p>\n<p>RCS Lille M\u00e9tropole 424 761 419 00045<br>APE-code 2620Z<br>BTW-nummer: FR 22 424 761 419<br>Hoofdkantoor: 2 rue Kellermann \u2013 59100 Roubaix \u2013 Frankrijk<\/p>\n<p>Website <a href=\"https:\/\/hotel-gloria-lourdes.com\/nl\/\">https:\/\/hotel-gloria-lourdes.com <\/a>&nbsp;is het exclusieve eigendom van SARL CPGH.<\/p>\n<p>Het raadplegen van de Site is onderworpen aan de volledige aanvaarding en naleving door internetgebruikers van de volgende gebruiksvoorwaarden.<\/p>\n<p>De internetgebruiker verbindt zich ertoe persoonlijk en niet-commercieel gebruik te maken van de informatie op de site. In geval van niet-naleving van de bepalingen van deze juridische kennisgevingen door de internetgebruiker, kan zijn burgerlijke en\/of strafrechtelijke aansprakelijkheid worden aangerekend.<\/p>\n<h2>Opmerkingen<\/h2>\n<p>Wanneer u een reactie achterlaat op onze site, worden de gegevens die zijn ingevoerd in het reactieformulier, evenals uw IP-adres en de user-agent van uw browser verzameld om ons te helpen ongewenste reacties te detecteren.<\/p>\n<p>Een geanonimiseerde string die is gemaakt op basis van uw e-mailadres (ook wel hash genoemd) kan naar de Gravatar-service worden gestuurd om te controleren of u deze gebruikt. De vertrouwelijkheidsclausules van de Gravatar-service zijn hier beschikbaar: https:\/\/automattic.com\/privacy\/. Na validatie van je reactie zal je profielfoto publiekelijk zichtbaar zijn naast je reactie.<\/p>\n<h2>Media<\/h2>\n<p>Als u afbeeldingen naar de site uploadt, raden wij u aan om geen afbeeldingen te uploaden die EXIF-gegevens van GPS-co\u00f6rdinaten bevatten. Mensen die uw site bezoeken, kunnen locatiegegevens uit deze afbeeldingen downloaden en extraheren.<\/p>\n<h2>Koekjes<\/h2>\n<p>Als u een reactie achterlaat op onze site, wordt u aangeboden om uw naam, e-mailadres en site op te slaan in cookies. Dit is alleen voor uw comfort, zodat u deze informatie niet hoeft in te voeren als u later nog een opmerking maakt. Deze cookies verlopen na een jaar.<\/p>\n<p>Als u naar de inlogpagina gaat, wordt er een tijdelijke cookie aangemaakt om te bepalen of uw browser cookies accepteert. Het bevat geen persoonlijke gegevens en wordt automatisch verwijderd wanneer u uw browser sluit.<\/p>\n<p>Wanneer u inlogt, zullen we een aantal cookies instellen om uw inloggegevens en schermvoorkeuren op te slaan. De levensduur van een verbindingscookie is twee dagen, die van een schermoptiecookie is \u00e9\u00e9n jaar. Als u \u201cOnthoud mij\u201d aanvinkt, wordt uw login-cookie twee weken bewaard. Als u uitlogt van uw account, wordt de login-cookie gewist.<\/p>\n<p>Door een bericht te bewerken of te publiceren, wordt er een extra cookie in uw browser opgeslagen. Deze cookie bevat geen persoonlijke gegevens. Het toont alleen de ID van het bericht dat je zojuist hebt bewerkt. Deze verloopt na een dag.<\/p>\n<h2>Google Analytics<\/h2>\n<p><span style=\"color: var( --e-global-color-text ); font-family: var( --e-global-typography-text-font-family ), Sans-serif; font-weight: var( --e-global-typography-text-font-weight );\">SARL CPGH<\/span>&nbsp;gebruikt Google Analytics om gebruikers op deze site te volgen.<\/p>\n<p>Voor het verzamelen van deze gegevens worden cookies gebruikt door Google Analytics.<\/p>\n<p>Om te voldoen aan de nieuwe regelgeving heeft Google een wijziging doorgevoerd in de verwerking van gegevens waarover internetgebruikers kunnen raadplegen&nbsp;<a href=\"https:\/\/www.google.com\/analytics\/terms\/dpa\/dataprocessingamendment_20130906.html\" target=\"_blank\" rel=\"noreferrer noopener\">volgende pagina<\/a>.<\/p>\n<p>De&nbsp;<span style=\"color: var( --e-global-color-text ); font-family: var( --e-global-typography-text-font-family ), Sans-serif; font-weight: var( --e-global-typography-text-font-weight );\">SARL CPGH<\/span><span style=\"color: var( --e-global-color-text ); font-family: var( --e-global-typography-text-font-family ), Sans-serif; font-weight: var( --e-global-typography-text-font-weight );\">&nbsp;verbindt zich ertoe de verzamelde gegevens anoniem te behandelen en &quot;gegevensuitwisseling&quot; te deactiveren.<\/span><\/p>\n<h2>Ingesloten inhoud van andere sites<\/h2>\n<p>Artikelen op deze site kunnen ingesloten inhoud bevatten (bijvoorbeeld video&#039;s, afbeeldingen, artikelen?). Ingesloten inhoud van andere sites gedraagt zich op dezelfde manier alsof de bezoeker naar die andere site zou komen.<\/p>\n<p>Deze websites kunnen gegevens over u verzamelen, cookies gebruiken, trackingtools van derden insluiten en uw interacties met deze ingesloten inhoud volgen als u een account hebt dat is gekoppeld aan hun website.<\/p>\n<h2>Gebruik en overdracht van uw persoonlijke gegevens<\/h2>\n<p>Als u een wachtwoordreset aanvraagt, wordt uw IP-adres opgenomen in de reset-e-mail.<\/p>\n<h2>Opslagtijden voor uw gegevens<\/h2>\n<p>Als je een reactie achterlaat, worden de reactie en de bijbehorende metadata voor onbepaalde tijd bewaard. Dit herkent en keurt volgende opmerkingen automatisch goed in plaats van ze in de moderatiewachtrij te laten.<\/p>\n<p>Voor accounts die zich op onze site registreren (indien van toepassing), slaan we ook de persoonlijke gegevens op die in hun profiel worden vermeld. Alle accounts kunnen hun persoonlijke informatie op elk moment zien, wijzigen of verwijderen (behalve hun identificatienummer). Sitebeheerders kunnen deze informatie ook bekijken en bewerken.<\/p>\n<h2>De rechten die u heeft over uw gegevens<\/h2>\n<p>Als je een account hebt of als je reacties hebt achtergelaten op de site, kun je verzoeken om een bestand met alle persoonlijke gegevens die we van je hebben, inclusief de gegevens die je aan ons hebt verstrekt. U kunt ook verzoeken om verwijdering van uw persoonsgegevens. Hierbij wordt geen rekening gehouden met gegevens die zijn opgeslagen om administratieve, wettelijke of veiligheidsredenen.<\/p>\n<h2>Overdracht van uw persoonsgegevens<\/h2>\n<p>Reacties van bezoekers kunnen worden gecontroleerd via een geautomatiseerde spamdetectieservice.<\/p>\t\t\t\t\t\t<\/div>\n\t\t\t\t<\/div>\n\t\t\t\t\t<\/div>\n\t\t<\/div>\n\t\t\t\t\t\t\t<\/div>\n\t\t<\/section>\n\t\t\t\t\t\t\t<\/div>","protected":false},"excerpt":{"rendered":"<p>Wie zijn we ?<br>\nHet adres van onze site is: https:\/\/hotel-gloria-lourdes.com<br>\nWebsite-adres: https:\/\/hotel-gloria-lourdes.com Website-editor\/bedrijfsnaam: SARL CPGH<br>\nHoofdkantoor: 30 AV PEYRAMALE 65100 LOURDESSIRET: 39262450800033 Contactgegevens: Booking@Hotel-Gloria-Lourdes.Com Telefoon: (+33) 5 62 94 23 48 Contactgegevens host:<br>\nOVHSAS met een kapitaal van 10.174.560?<br>\nRCS Lille M\u00e9tropole 424 761 419 00045 Code APE <\/p>","protected":false},"author":1,"featured_media":0,"parent":0,"menu_order":0,"comment_status":"closed","ping_status":"closed","template":"","meta":{"footnotes":""},"class_list":["post-4248","page","type-page","status-publish","hentry"],"yoast_head":"<!-- This site is optimized with the Yoast SEO plugin v22.0 - https:\/\/yoast.com\/wordpress\/plugins\/seo\/ -->\n<title>Mentions l\u00e9gales - H\u00f4tel Gloria &amp; Avenue<\/title>\n<meta name=\"robots\" content=\"index, follow, max-snippet:-1, max-image-preview:large, max-video-preview:-1\" \/>\n<link rel=\"canonical\" href=\"https:\/\/hotel-gloria-lourdes.com\/nl\/mentions-legales\/\" \/>\n<meta property=\"og:locale\" content=\"nl_NL\" \/>\n<meta property=\"og:type\" content=\"article\" \/>\n<meta property=\"og:title\" content=\"Mentions l\u00e9gales - H\u00f4tel Gloria &amp; Avenue\" \/>\n<meta property=\"og:description\" content=\"Qui sommes-nous&nbsp;? L\u2019adresse de notre site est : https:\/\/hotel-gloria-lourdes.com Adresse du site Web :https:\/\/hotel-gloria-lourdes.comEditeur du site\/raison sociale :&nbsp;SARL CPGH Si\u00e8ge social : 30 AV PEYRAMALE 65100 LOURDESSIRET :&nbsp;39262450800033Coordonn\u00e9es :Booking@Hotel-Gloria-Lourdes.ComT\u00e9l\u00e9phone : (+33) 5 62 94 23 48Coordonn\u00e9es de l\u2019h\u00e9bergeur : OVHSAS au capital de 10 174 560 \u20ac RCS Lille M\u00e9tropole 424 761 419 00045Code APE\" \/>\n<meta property=\"og:url\" content=\"https:\/\/hotel-gloria-lourdes.com\/nl\/mentions-legales\/\" \/>\n<meta property=\"og:site_name\" content=\"H\u00f4tel Gloria &amp; Avenue\" \/>\n<meta property=\"article:publisher\" content=\"https:\/\/fr-fr.facebook.com\/HotelGloriaEtAvenue\/\" \/>\n<meta property=\"article:modified_time\" content=\"2022-07-21T16:02:57+00:00\" \/>\n<meta name=\"twitter:card\" content=\"summary_large_image\" \/>\n<meta name=\"twitter:label1\" content=\"Geschatte leestijd\" \/>\n\t<meta name=\"twitter:data1\" content=\"5 minuten\" \/>\n<script type=\"application\/ld+json\" class=\"yoast-schema-graph\">{\"@context\":\"https:\/\/schema.org\",\"@graph\":[{\"@type\":\"WebPage\",\"@id\":\"https:\/\/hotel-gloria-lourdes.com\/mentions-legales\/\",\"url\":\"https:\/\/hotel-gloria-lourdes.com\/mentions-legales\/\",\"name\":\"Mentions l\u00e9gales - H\u00f4tel Gloria &amp; Avenue\",\"isPartOf\":{\"@id\":\"https:\/\/hotel-gloria-lourdes.com\/#website\"},\"datePublished\":\"2022-07-21T07:42:24+00:00\",\"dateModified\":\"2022-07-21T16:02:57+00:00\",\"breadcrumb\":{\"@id\":\"https:\/\/hotel-gloria-lourdes.com\/mentions-legales\/#breadcrumb\"},\"inLanguage\":\"nl-NL\",\"potentialAction\":[{\"@type\":\"ReadAction\",\"target\":[\"https:\/\/hotel-gloria-lourdes.com\/mentions-legales\/\"]}]},{\"@type\":\"BreadcrumbList\",\"@id\":\"https:\/\/hotel-gloria-lourdes.com\/mentions-legales\/#breadcrumb\",\"itemListElement\":[{\"@type\":\"ListItem\",\"position\":1,\"name\":\"Accueil\",\"item\":\"https:\/\/hotel-gloria-lourdes.com\/\"},{\"@type\":\"ListItem\",\"position\":2,\"name\":\"Mentions l\u00e9gales\"}]},{\"@type\":\"WebSite\",\"@id\":\"https:\/\/hotel-gloria-lourdes.com\/#website\",\"url\":\"https:\/\/hotel-gloria-lourdes.com\/\",\"name\":\"H\u00f4tel Gloria &amp; Avenue\",\"description\":\"Lourdes ***\",\"publisher\":{\"@id\":\"https:\/\/hotel-gloria-lourdes.com\/#organization\"},\"potentialAction\":[{\"@type\":\"SearchAction\",\"target\":{\"@type\":\"EntryPoint\",\"urlTemplate\":\"https:\/\/hotel-gloria-lourdes.com\/?s={search_term_string}\"},\"query-input\":\"required name=search_term_string\"}],\"inLanguage\":\"nl-NL\"},{\"@type\":\"Organization\",\"@id\":\"https:\/\/hotel-gloria-lourdes.com\/#organization\",\"name\":\"H\u00f4tel Gloria & Avenue\",\"url\":\"https:\/\/hotel-gloria-lourdes.com\/\",\"logo\":{\"@type\":\"ImageObject\",\"inLanguage\":\"nl-NL\",\"@id\":\"https:\/\/hotel-gloria-lourdes.com\/#\/schema\/logo\/image\/\",\"url\":\"https:\/\/hotel-gloria-lourdes.com\/wp-content\/uploads\/2021\/07\/Logo-Hotel-Gloria-Avenue-site-bleu.png\",\"contentUrl\":\"https:\/\/hotel-gloria-lourdes.com\/wp-content\/uploads\/2021\/07\/Logo-Hotel-Gloria-Avenue-site-bleu.png\",\"width\":695,\"height\":500,\"caption\":\"H\u00f4tel Gloria & Avenue\"},\"image\":{\"@id\":\"https:\/\/hotel-gloria-lourdes.com\/#\/schema\/logo\/image\/\"},\"sameAs\":[\"https:\/\/fr-fr.facebook.com\/HotelGloriaEtAvenue\/\"]}]}<\/script>\n<!-- \/ Yoast SEO plugin. -->","yoast_head_json":{"title":"Mentions l\u00e9gales - H\u00f4tel Gloria &amp; Avenue","robots":{"index":"index","follow":"follow","max-snippet":"max-snippet:-1","max-image-preview":"max-image-preview:large","max-video-preview":"max-video-preview:-1"},"canonical":"https:\/\/hotel-gloria-lourdes.com\/nl\/mentions-legales\/","og_locale":"nl_NL","og_type":"article","og_title":"Mentions l\u00e9gales - H\u00f4tel Gloria &amp; Avenue","og_description":"Qui sommes-nous&nbsp;? L\u2019adresse de notre site est : https:\/\/hotel-gloria-lourdes.com Adresse du site Web :https:\/\/hotel-gloria-lourdes.comEditeur du site\/raison sociale :&nbsp;SARL CPGH Si\u00e8ge social : 30 AV PEYRAMALE 65100 LOURDESSIRET :&nbsp;39262450800033Coordonn\u00e9es :Booking@Hotel-Gloria-Lourdes.ComT\u00e9l\u00e9phone : (+33) 5 62 94 23 48Coordonn\u00e9es de l\u2019h\u00e9bergeur : OVHSAS au capital de 10 174 560 \u20ac RCS Lille M\u00e9tropole 424 761 419 00045Code APE","og_url":"https:\/\/hotel-gloria-lourdes.com\/nl\/mentions-legales\/","og_site_name":"H\u00f4tel Gloria &amp; Avenue","article_publisher":"https:\/\/fr-fr.facebook.com\/HotelGloriaEtAvenue\/","article_modified_time":"2022-07-21T16:02:57+00:00","twitter_card":"summary_large_image","twitter_misc":{"Geschatte leestijd":"5 minuten"},"schema":{"@context":"https:\/\/schema.org","@graph":[{"@type":"WebPage","@id":"https:\/\/hotel-gloria-lourdes.com\/mentions-legales\/","url":"https:\/\/hotel-gloria-lourdes.com\/mentions-legales\/","name":"Mentions l\u00e9gales - H\u00f4tel Gloria &amp; Avenue","isPartOf":{"@id":"https:\/\/hotel-gloria-lourdes.com\/#website"},"datePublished":"2022-07-21T07:42:24+00:00","dateModified":"2022-07-21T16:02:57+00:00","breadcrumb":{"@id":"https:\/\/hotel-gloria-lourdes.com\/mentions-legales\/#breadcrumb"},"inLanguage":"nl-NL","potentialAction":[{"@type":"ReadAction","target":["https:\/\/hotel-gloria-lourdes.com\/mentions-legales\/"]}]},{"@type":"BreadcrumbList","@id":"https:\/\/hotel-gloria-lourdes.com\/mentions-legales\/#breadcrumb","itemListElement":[{"@type":"ListItem","position":1,"name":"Accueil","item":"https:\/\/hotel-gloria-lourdes.com\/"},{"@type":"ListItem","position":2,"name":"Mentions l\u00e9gales"}]},{"@type":"WebSite","@id":"https:\/\/hotel-gloria-lourdes.com\/#website","url":"https:\/\/hotel-gloria-lourdes.com\/","name":"H\u00f4tel Gloria &amp; Avenue","description":"Lourdes ***","publisher":{"@id":"https:\/\/hotel-gloria-lourdes.com\/#organization"},"potentialAction":[{"@type":"SearchAction","target":{"@type":"EntryPoint","urlTemplate":"https:\/\/hotel-gloria-lourdes.com\/?s={search_term_string}"},"query-input":"required name=search_term_string"}],"inLanguage":"nl-NL"},{"@type":"Organization","@id":"https:\/\/hotel-gloria-lourdes.com\/#organization","name":"H\u00f4tel Gloria & Avenue","url":"https:\/\/hotel-gloria-lourdes.com\/","logo":{"@type":"ImageObject","inLanguage":"nl-NL","@id":"https:\/\/hotel-gloria-lourdes.com\/#\/schema\/logo\/image\/","url":"https:\/\/hotel-gloria-lourdes.com\/wp-content\/uploads\/2021\/07\/Logo-Hotel-Gloria-Avenue-site-bleu.png","contentUrl":"https:\/\/hotel-gloria-lourdes.com\/wp-content\/uploads\/2021\/07\/Logo-Hotel-Gloria-Avenue-site-bleu.png","width":695,"height":500,"caption":"H\u00f4tel Gloria & Avenue"},"image":{"@id":"https:\/\/hotel-gloria-lourdes.com\/#\/schema\/logo\/image\/"},"sameAs":["https:\/\/fr-fr.facebook.com\/HotelGloriaEtAvenue\/"]}]}},"_links":{"self":[{"href":"https:\/\/hotel-gloria-lourdes.com\/nl\/wp-json\/wp\/v2\/pages\/4248","targetHints":{"allow":["GET"]}}],"collection":[{"href":"https:\/\/hotel-gloria-lourdes.com\/nl\/wp-json\/wp\/v2\/pages"}],"about":[{"href":"https:\/\/hotel-gloria-lourdes.com\/nl\/wp-json\/wp\/v2\/types\/page"}],"author":[{"embeddable":true,"href":"https:\/\/hotel-gloria-lourdes.com\/nl\/wp-json\/wp\/v2\/users\/1"}],"replies":[{"embeddable":true,"href":"https:\/\/hotel-gloria-lourdes.com\/nl\/wp-json\/wp\/v2\/comments?post=4248"}],"version-history":[{"count":0,"href":"https:\/\/hotel-gloria-lourdes.com\/nl\/wp-json\/wp\/v2\/pages\/4248\/revisions"}],"wp:attachment":[{"href":"https:\/\/hotel-gloria-lourdes.com\/nl\/wp-json\/wp\/v2\/media?parent=4248"}],"curies":[{"name":"wp","href":"https:\/\/api.w.org\/{rel}","templated":true}]}}