{"id":4427,"date":"2022-11-03T17:06:48","date_gmt":"2022-11-03T16:06:48","guid":{"rendered":"https:\/\/hotel-gloria-lourdes.com\/?page_id=4427"},"modified":"2026-03-11T22:08:15","modified_gmt":"2026-03-11T21:08:15","slug":"hotel-gloria","status":"publish","type":"page","link":"https:\/\/hotel-gloria-lourdes.com\/nl\/hotel-gloria\/","title":{"rendered":"<p>Gloria Hotel<\/p>"},"content":{"rendered":"<div data-elementor-type=\"wp-page\" data-elementor-id=\"4427\" class=\"elementor elementor-4427\">\n\t\t\t\t\t\t\t\t\t<section class=\"elementor-section elementor-top-section elementor-element elementor-element-35f6af5 elementor-section-boxed elementor-section-height-default elementor-section-height-default\" data-id=\"35f6af5\" data-element_type=\"section\">\n\t\t\t\t\t\t<div class=\"elementor-container elementor-column-gap-default\">\n\t\t\t\t\t<div class=\"elementor-column elementor-col-100 elementor-top-column elementor-element elementor-element-fa53527\" data-id=\"fa53527\" data-element_type=\"column\">\n\t\t\t<div class=\"elementor-widget-wrap elementor-element-populated\">\n\t\t\t\t\t\t\t\t<div class=\"elementor-element elementor-element-72e8df4 elementor-widget elementor-widget-heading\" data-id=\"72e8df4\" data-element_type=\"widget\" data-widget_type=\"heading.default\">\n\t\t\t\t<div class=\"elementor-widget-container\">\n\t\t\t<style>\/*! elementor - v3.11.2 - 22-02-2023 *\/\n.elementor-heading-title{padding:0;margin:0;line-height:1}.elementor-widget-heading .elementor-heading-title[class*=elementor-size-]>a{color:inherit;font-size:inherit;line-height:inherit}.elementor-widget-heading .elementor-heading-title.elementor-size-small{font-size:15px}.elementor-widget-heading .elementor-heading-title.elementor-size-medium{font-size:19px}.elementor-widget-heading .elementor-heading-title.elementor-size-large{font-size:29px}.elementor-widget-heading .elementor-heading-title.elementor-size-xl{font-size:39px}.elementor-widget-heading .elementor-heading-title.elementor-size-xxl{font-size:59px}<\/style><h1 class=\"elementor-heading-title elementor-size-xxl\">Gloria Hotel<\/h1>\t\t<\/div>\n\t\t\t\t<\/div>\n\t\t\t\t<div class=\"elementor-element elementor-element-dbc5978 elementor-widget elementor-widget-text-editor\" data-id=\"dbc5978\" data-element_type=\"widget\" data-widget_type=\"text-editor.default\">\n\t\t\t\t<div class=\"elementor-widget-container\">\n\t\t\t<style>\/*! elementor - v3.11.2 - 22-02-2023 *\/\n.elementor-widget-text-editor.elementor-drop-cap-view-stacked .elementor-drop-cap{background-color:#818a91;color:#fff}.elementor-widget-text-editor.elementor-drop-cap-view-framed .elementor-drop-cap{color:#818a91;border:3px solid;background-color:transparent}.elementor-widget-text-editor:not(.elementor-drop-cap-view-default) .elementor-drop-cap{margin-top:8px}.elementor-widget-text-editor:not(.elementor-drop-cap-view-default) .elementor-drop-cap-letter{width:1em;height:1em}.elementor-widget-text-editor .elementor-drop-cap{float:left;text-align:center;line-height:1;font-size:50px}.elementor-widget-text-editor .elementor-drop-cap-letter{display:inline-block}<\/style>\t\t\t\t<p style=\"text-align: center;\">Hotel Gloria biedt 76 standaard- en comfortkamers, de meeste met airconditioning, evenals PMR-kamers.<\/p>\t\t\t\t\t\t<\/div>\n\t\t\t\t<\/div>\n\t\t\t\t\t<\/div>\n\t\t<\/div>\n\t\t\t\t\t\t\t<\/div>\n\t\t<\/section>\n\t\t\t\t<section class=\"elementor-section elementor-top-section elementor-element elementor-element-c9dc579 elementor-section-boxed elementor-section-height-default elementor-section-height-default\" data-id=\"c9dc579\" data-element_type=\"section\">\n\t\t\t\t\t\t<div class=\"elementor-container elementor-column-gap-default\">\n\t\t\t\t\t<div class=\"elementor-column elementor-col-100 elementor-top-column elementor-element elementor-element-944a36b\" data-id=\"944a36b\" data-element_type=\"column\">\n\t\t\t<div class=\"elementor-widget-wrap elementor-element-populated\">\n\t\t\t\t\t\t\t\t<div class=\"elementor-element elementor-element-06821c2 elementor-widget elementor-widget-thim-tour\" data-id=\"06821c2\" data-element_type=\"widget\" data-widget_type=\"thim-tour.default\">\n\t\t\t\t<div class=\"elementor-widget-container\">\n\t\t\t<div class=\"thim_tours_slider\" data-number_show=\"3\"><ul class=\"owl-carousel\"><li><img decoding=\"async\" src=\"https:\/\/hotel-gloria-lourdes.com\/wp-content\/uploads\/2021\/04\/FLO_0764-434x446.jpg\" alt=\"Gloria Hotel\"><div class=\"tour_price\"><span class=\"price\">130\u20ac<\/span><span class=\"unit\">per nacht<\/span><\/div><div class=\"tour_content\"><span class=\"tour_infosale\"><\/span><h3 class=\"tour_name\"><a href=\"https:\/\/hotel-gloria-lourdes.com\/nl\/chambres\/suite-junior-gloria\/\" target=\"_self\">Junior suite<\/a><\/h3><\/div><\/li><li><img decoding=\"async\" src=\"https:\/\/hotel-gloria-lourdes.com\/wp-content\/uploads\/2021\/04\/FLO_0844-434x446.jpg\" alt=\"Gloria Hotel\"><div class=\"tour_price\"><span class=\"price\">90?<\/span><span class=\"unit\">per nacht<\/span><\/div><div class=\"tour_content\"><span class=\"tour_infosale\"><\/span><h3 class=\"tour_name\"><a href=\"https:\/\/hotel-gloria-lourdes.com\/nl\/chambres\/pmr-gloria\/\" target=\"_self\">PMR kamer<\/a><\/h3><\/div><\/li><li><img decoding=\"async\" src=\"https:\/\/hotel-gloria-lourdes.com\/wp-content\/uploads\/2015\/09\/FLO_0839-434x446.jpg\" alt=\"Gloria Hotel\"><div class=\"tour_price\"><span class=\"price\">85?<\/span><span class=\"unit\">per nacht<\/span><\/div><div class=\"tour_content\"><span class=\"tour_infosale\"><\/span><h3 class=\"tour_name\"><a href=\"https:\/\/hotel-gloria-lourdes.com\/nl\/chambres\/standard-triple-gloria\/\" target=\"_self\">Standaard driepersoonskamer<\/a><\/h3><\/div><\/li><\/ul><\/div>\t\t<\/div>\n\t\t\t\t<\/div>\n\t\t\t\t\t<\/div>\n\t\t<\/div>\n\t\t\t\t\t\t\t<\/div>\n\t\t<\/section>\n\t\t\t\t<section class=\"elementor-section elementor-top-section elementor-element elementor-element-601c74b elementor-section-boxed elementor-section-height-default elementor-section-height-default\" data-id=\"601c74b\" data-element_type=\"section\">\n\t\t\t\t\t\t<div class=\"elementor-container elementor-column-gap-default\">\n\t\t\t\t\t<div class=\"elementor-column elementor-col-100 elementor-top-column elementor-element elementor-element-0318903\" data-id=\"0318903\" data-element_type=\"column\">\n\t\t\t<div class=\"elementor-widget-wrap elementor-element-populated\">\n\t\t\t\t\t\t\t\t<div class=\"elementor-element elementor-element-b895213 elementor-widget elementor-widget-thim-tour\" data-id=\"b895213\" data-element_type=\"widget\" data-widget_type=\"thim-tour.default\">\n\t\t\t\t<div class=\"elementor-widget-container\">\n\t\t\t<div class=\"thim_tours_slider\" data-number_show=\"3\"><ul class=\"owl-carousel\"><li><img decoding=\"async\" src=\"https:\/\/hotel-gloria-lourdes.com\/wp-content\/uploads\/2021\/04\/FLO_0832-Modifier-434x446.jpg\" alt=\"Gloria Hotel\"><div class=\"tour_price\"><span class=\"price\">75\u20ac<\/span><span class=\"unit\">per nacht<\/span><\/div><div class=\"tour_content\"><span class=\"tour_infosale\"><\/span><h3 class=\"tour_name\"><a href=\"https:\/\/hotel-gloria-lourdes.com\/nl\/chambres\/standard-twin-gloria\/\" target=\"_self\">Standaard Twin\/Tweepersoons<\/a><\/h3><\/div><\/li><li><img decoding=\"async\" src=\"https:\/\/hotel-gloria-lourdes.com\/wp-content\/uploads\/2015\/08\/FLO_0848-434x446.jpg\" alt=\"Gloria Hotel\"><div class=\"tour_price\"><span class=\"price\">85&euro;<\/span><span class=\"unit\">per nacht<\/span><\/div><div class=\"tour_content\"><span class=\"tour_infosale\"><\/span><h3 class=\"tour_name\"><a href=\"https:\/\/hotel-gloria-lourdes.com\/nl\/chambres\/confort-twin-gloria\/\" target=\"_self\">Comfort Twin\/Tweepersoons<\/a><\/h3><\/div><\/li><li><img decoding=\"async\" src=\"https:\/\/hotel-gloria-lourdes.com\/wp-content\/uploads\/2021\/07\/FLO_0854-434x446.jpg\" alt=\"Gloria Hotel\"><div class=\"tour_price\"><span class=\"price\">102&euro;<\/span><span class=\"unit\">per nacht<\/span><\/div><div class=\"tour_content\"><span class=\"tour_infosale\"><\/span><h3 class=\"tour_name\"><a href=\"https:\/\/hotel-gloria-lourdes.com\/nl\/chambres\/confort-triple-gloria\/\" target=\"_self\">Drievoudig comfort<\/a><\/h3><\/div><\/li><\/ul><\/div>\t\t<\/div>\n\t\t\t\t<\/div>\n\t\t\t\t\t<\/div>\n\t\t<\/div>\n\t\t\t\t\t\t\t<\/div>\n\t\t<\/section>\n\t\t\t\t<section class=\"elementor-section elementor-top-section elementor-element elementor-element-74eb722 elementor-section-boxed elementor-section-height-default elementor-section-height-default\" data-id=\"74eb722\" data-element_type=\"section\">\n\t\t\t\t\t\t<div class=\"elementor-container elementor-column-gap-default\">\n\t\t\t\t\t<div class=\"elementor-column elementor-col-33 elementor-top-column elementor-element elementor-element-56e779a\" data-id=\"56e779a\" data-element_type=\"column\">\n\t\t\t<div class=\"elementor-widget-wrap\">\n\t\t\t\t\t\t\t\t\t<\/div>\n\t\t<\/div>\n\t\t\t\t<div class=\"elementor-column elementor-col-33 elementor-top-column elementor-element elementor-element-2f93cd8\" data-id=\"2f93cd8\" data-element_type=\"column\">\n\t\t\t<div class=\"elementor-widget-wrap elementor-element-populated\">\n\t\t\t\t\t\t\t\t<div class=\"elementor-element elementor-element-425c163 elementor-widget elementor-widget-image\" data-id=\"425c163\" data-element_type=\"widget\" data-widget_type=\"image.default\">\n\t\t\t\t<div class=\"elementor-widget-container\">\n\t\t\t<style>\/*! elementor - v3.11.2 - 22-02-2023 *\/\n.elementor-widget-image{text-align:center}.elementor-widget-image a{display:inline-block}.elementor-widget-image a img[src$=\".svg\"]{width:48px}.elementor-widget-image img{vertical-align:middle;display:inline-block}<\/style>\t\t\t\t\t\t\t\t\t\t\t\t\t<a href=\"https:\/\/hotel-gloria-lourdes.com\/nl\/chambres\/standard-single-gloria\/\">\n\t\t\t\t\t\t\t<img loading=\"lazy\" decoding=\"async\" width=\"329\" height=\"338\" src=\"https:\/\/hotel-gloria-lourdes.com\/wp-content\/uploads\/2022\/11\/StandardSingle.png\" class=\"attachment-large size-large wp-image-4541\" alt=\"\" srcset=\"https:\/\/hotel-gloria-lourdes.com\/wp-content\/uploads\/2022\/11\/StandardSingle.png 329w, https:\/\/hotel-gloria-lourdes.com\/wp-content\/uploads\/2022\/11\/StandardSingle-292x300.png 292w, https:\/\/hotel-gloria-lourdes.com\/wp-content\/uploads\/2022\/11\/StandardSingle-12x12.png 12w\" sizes=\"auto, (max-width: 329px) 100vw, 329px\">\t\t\t\t\t\t\t\t<\/a>\n\t\t\t\t\t\t\t\t\t\t\t\t\t\t\t<\/div>\n\t\t\t\t<\/div>\n\t\t\t\t\t<\/div>\n\t\t<\/div>\n\t\t\t\t<div class=\"elementor-column elementor-col-33 elementor-top-column elementor-element elementor-element-a21ed31\" data-id=\"a21ed31\" data-element_type=\"column\">\n\t\t\t<div class=\"elementor-widget-wrap\">\n\t\t\t\t\t\t\t\t\t<\/div>\n\t\t<\/div>\n\t\t\t\t\t\t\t<\/div>\n\t\t<\/section>\n\t\t\t\t\t\t\t<\/div>","protected":false},"excerpt":{"rendered":"<p>Gloria Hotel<br>\nHotel Gloria biedt 76 standaard- en comfortkamers, de meeste met airconditioning, evenals PMR-kamers.<p>130 \u20ac per nacht<br>\nJunior suite<\/p><p>90 per nacht<br>\nPMR kamer<\/p><p>85?per night<br>\nStandaard driepersoonskamer<\/p><p>75&euro;per night<br>\nStandaard Twin\/Tweepersoons<\/p><p>85&euro;per night<br>\nComfort Twin\/Tweepersoons<\/p><p>102&euro;per night<br>\nDrievoudig comfort<\/p><p><\/p><\/p>","protected":false},"author":1,"featured_media":0,"parent":0,"menu_order":0,"comment_status":"closed","ping_status":"closed","template":"","meta":{"footnotes":""},"class_list":["post-4427","page","type-page","status-publish","hentry"],"yoast_head":"<!-- This site is optimized with the Yoast SEO plugin v22.0 - https:\/\/yoast.com\/wordpress\/plugins\/seo\/ -->\n<title>H\u00f4tel Gloria - H\u00f4tel Gloria &amp; Avenue<\/title>\n<meta name=\"robots\" content=\"index, follow, max-snippet:-1, max-image-preview:large, max-video-preview:-1\" \/>\n<link rel=\"canonical\" href=\"https:\/\/hotel-gloria-lourdes.com\/nl\/hotel-gloria\/\" \/>\n<meta property=\"og:locale\" content=\"nl_NL\" \/>\n<meta property=\"og:type\" content=\"article\" \/>\n<meta property=\"og:title\" content=\"H\u00f4tel Gloria - H\u00f4tel Gloria &amp; Avenue\" \/>\n<meta property=\"og:description\" content=\"H\u00f4tel Gloria L&#8217;H\u00f4tel Gloria propose 76 chambres Standard et Confort, la plupart climatis\u00e9es ainsi que des chambres PMR. 130&euro;per night Suite Junior 90\u20acper night Chambre PMR 85\u20acper night Standart Triple  75&euro;per night Standard Twin\/Double 85&euro;per night Confort Twin\/Double 102&euro;per night Confort Triple\" \/>\n<meta property=\"og:url\" content=\"https:\/\/hotel-gloria-lourdes.com\/nl\/hotel-gloria\/\" \/>\n<meta property=\"og:site_name\" content=\"H\u00f4tel Gloria &amp; Avenue\" \/>\n<meta property=\"article:publisher\" content=\"https:\/\/fr-fr.facebook.com\/HotelGloriaEtAvenue\/\" \/>\n<meta property=\"article:modified_time\" content=\"2026-03-11T21:08:15+00:00\" \/>\n<meta property=\"og:image\" content=\"https:\/\/hotel-gloria-lourdes.com\/wp-content\/uploads\/2021\/04\/FLO_0764-434x446.jpg\" \/>\n<meta name=\"twitter:card\" content=\"summary_large_image\" \/>\n<meta name=\"twitter:label1\" content=\"Geschatte leestijd\" \/>\n\t<meta name=\"twitter:data1\" content=\"2 minuten\" \/>\n<script type=\"application\/ld+json\" class=\"yoast-schema-graph\">{\"@context\":\"https:\/\/schema.org\",\"@graph\":[{\"@type\":\"WebPage\",\"@id\":\"https:\/\/hotel-gloria-lourdes.com\/hotel-gloria\/\",\"url\":\"https:\/\/hotel-gloria-lourdes.com\/hotel-gloria\/\",\"name\":\"H\u00f4tel Gloria - H\u00f4tel Gloria &amp; Avenue\",\"isPartOf\":{\"@id\":\"https:\/\/hotel-gloria-lourdes.com\/#website\"},\"datePublished\":\"2022-11-03T16:06:48+00:00\",\"dateModified\":\"2026-03-11T21:08:15+00:00\",\"breadcrumb\":{\"@id\":\"https:\/\/hotel-gloria-lourdes.com\/hotel-gloria\/#breadcrumb\"},\"inLanguage\":\"nl-NL\",\"potentialAction\":[{\"@type\":\"ReadAction\",\"target\":[\"https:\/\/hotel-gloria-lourdes.com\/hotel-gloria\/\"]}]},{\"@type\":\"BreadcrumbList\",\"@id\":\"https:\/\/hotel-gloria-lourdes.com\/hotel-gloria\/#breadcrumb\",\"itemListElement\":[{\"@type\":\"ListItem\",\"position\":1,\"name\":\"Accueil\",\"item\":\"https:\/\/hotel-gloria-lourdes.com\/\"},{\"@type\":\"ListItem\",\"position\":2,\"name\":\"H\u00f4tel Gloria\"}]},{\"@type\":\"WebSite\",\"@id\":\"https:\/\/hotel-gloria-lourdes.com\/#website\",\"url\":\"https:\/\/hotel-gloria-lourdes.com\/\",\"name\":\"H\u00f4tel Gloria &amp; Avenue\",\"description\":\"Lourdes ***\",\"publisher\":{\"@id\":\"https:\/\/hotel-gloria-lourdes.com\/#organization\"},\"potentialAction\":[{\"@type\":\"SearchAction\",\"target\":{\"@type\":\"EntryPoint\",\"urlTemplate\":\"https:\/\/hotel-gloria-lourdes.com\/?s={search_term_string}\"},\"query-input\":\"required name=search_term_string\"}],\"inLanguage\":\"nl-NL\"},{\"@type\":\"Organization\",\"@id\":\"https:\/\/hotel-gloria-lourdes.com\/#organization\",\"name\":\"H\u00f4tel Gloria & Avenue\",\"url\":\"https:\/\/hotel-gloria-lourdes.com\/\",\"logo\":{\"@type\":\"ImageObject\",\"inLanguage\":\"nl-NL\",\"@id\":\"https:\/\/hotel-gloria-lourdes.com\/#\/schema\/logo\/image\/\",\"url\":\"https:\/\/hotel-gloria-lourdes.com\/wp-content\/uploads\/2021\/07\/Logo-Hotel-Gloria-Avenue-site-bleu.png\",\"contentUrl\":\"https:\/\/hotel-gloria-lourdes.com\/wp-content\/uploads\/2021\/07\/Logo-Hotel-Gloria-Avenue-site-bleu.png\",\"width\":695,\"height\":500,\"caption\":\"H\u00f4tel Gloria & Avenue\"},\"image\":{\"@id\":\"https:\/\/hotel-gloria-lourdes.com\/#\/schema\/logo\/image\/\"},\"sameAs\":[\"https:\/\/fr-fr.facebook.com\/HotelGloriaEtAvenue\/\"]}]}<\/script>\n<!-- \/ Yoast SEO plugin. -->","yoast_head_json":{"title":"H\u00f4tel Gloria - H\u00f4tel Gloria &amp; Avenue","robots":{"index":"index","follow":"follow","max-snippet":"max-snippet:-1","max-image-preview":"max-image-preview:large","max-video-preview":"max-video-preview:-1"},"canonical":"https:\/\/hotel-gloria-lourdes.com\/nl\/hotel-gloria\/","og_locale":"nl_NL","og_type":"article","og_title":"H\u00f4tel Gloria - H\u00f4tel Gloria &amp; Avenue","og_description":"H\u00f4tel Gloria L&#8217;H\u00f4tel Gloria propose 76 chambres Standard et Confort, la plupart climatis\u00e9es ainsi que des chambres PMR. 130&euro;per night Suite Junior 90\u20acper night Chambre PMR 85\u20acper night Standart Triple  75&euro;per night Standard Twin\/Double 85&euro;per night Confort Twin\/Double 102&euro;per night Confort Triple","og_url":"https:\/\/hotel-gloria-lourdes.com\/nl\/hotel-gloria\/","og_site_name":"H\u00f4tel Gloria &amp; Avenue","article_publisher":"https:\/\/fr-fr.facebook.com\/HotelGloriaEtAvenue\/","article_modified_time":"2026-03-11T21:08:15+00:00","og_image":[{"url":"https:\/\/hotel-gloria-lourdes.com\/wp-content\/uploads\/2021\/04\/FLO_0764-434x446.jpg"}],"twitter_card":"summary_large_image","twitter_misc":{"Geschatte leestijd":"2 minuten"},"schema":{"@context":"https:\/\/schema.org","@graph":[{"@type":"WebPage","@id":"https:\/\/hotel-gloria-lourdes.com\/hotel-gloria\/","url":"https:\/\/hotel-gloria-lourdes.com\/hotel-gloria\/","name":"H\u00f4tel Gloria - H\u00f4tel Gloria &amp; Avenue","isPartOf":{"@id":"https:\/\/hotel-gloria-lourdes.com\/#website"},"datePublished":"2022-11-03T16:06:48+00:00","dateModified":"2026-03-11T21:08:15+00:00","breadcrumb":{"@id":"https:\/\/hotel-gloria-lourdes.com\/hotel-gloria\/#breadcrumb"},"inLanguage":"nl-NL","potentialAction":[{"@type":"ReadAction","target":["https:\/\/hotel-gloria-lourdes.com\/hotel-gloria\/"]}]},{"@type":"BreadcrumbList","@id":"https:\/\/hotel-gloria-lourdes.com\/hotel-gloria\/#breadcrumb","itemListElement":[{"@type":"ListItem","position":1,"name":"Accueil","item":"https:\/\/hotel-gloria-lourdes.com\/"},{"@type":"ListItem","position":2,"name":"H\u00f4tel Gloria"}]},{"@type":"WebSite","@id":"https:\/\/hotel-gloria-lourdes.com\/#website","url":"https:\/\/hotel-gloria-lourdes.com\/","name":"H\u00f4tel Gloria &amp; Avenue","description":"Lourdes ***","publisher":{"@id":"https:\/\/hotel-gloria-lourdes.com\/#organization"},"potentialAction":[{"@type":"SearchAction","target":{"@type":"EntryPoint","urlTemplate":"https:\/\/hotel-gloria-lourdes.com\/?s={search_term_string}"},"query-input":"required name=search_term_string"}],"inLanguage":"nl-NL"},{"@type":"Organization","@id":"https:\/\/hotel-gloria-lourdes.com\/#organization","name":"H\u00f4tel Gloria & Avenue","url":"https:\/\/hotel-gloria-lourdes.com\/","logo":{"@type":"ImageObject","inLanguage":"nl-NL","@id":"https:\/\/hotel-gloria-lourdes.com\/#\/schema\/logo\/image\/","url":"https:\/\/hotel-gloria-lourdes.com\/wp-content\/uploads\/2021\/07\/Logo-Hotel-Gloria-Avenue-site-bleu.png","contentUrl":"https:\/\/hotel-gloria-lourdes.com\/wp-content\/uploads\/2021\/07\/Logo-Hotel-Gloria-Avenue-site-bleu.png","width":695,"height":500,"caption":"H\u00f4tel Gloria & Avenue"},"image":{"@id":"https:\/\/hotel-gloria-lourdes.com\/#\/schema\/logo\/image\/"},"sameAs":["https:\/\/fr-fr.facebook.com\/HotelGloriaEtAvenue\/"]}]}},"_links":{"self":[{"href":"https:\/\/hotel-gloria-lourdes.com\/nl\/wp-json\/wp\/v2\/pages\/4427","targetHints":{"allow":["GET"]}}],"collection":[{"href":"https:\/\/hotel-gloria-lourdes.com\/nl\/wp-json\/wp\/v2\/pages"}],"about":[{"href":"https:\/\/hotel-gloria-lourdes.com\/nl\/wp-json\/wp\/v2\/types\/page"}],"author":[{"embeddable":true,"href":"https:\/\/hotel-gloria-lourdes.com\/nl\/wp-json\/wp\/v2\/users\/1"}],"replies":[{"embeddable":true,"href":"https:\/\/hotel-gloria-lourdes.com\/nl\/wp-json\/wp\/v2\/comments?post=4427"}],"version-history":[{"count":0,"href":"https:\/\/hotel-gloria-lourdes.com\/nl\/wp-json\/wp\/v2\/pages\/4427\/revisions"}],"wp:attachment":[{"href":"https:\/\/hotel-gloria-lourdes.com\/nl\/wp-json\/wp\/v2\/media?parent=4427"}],"curies":[{"name":"wp","href":"https:\/\/api.w.org\/{rel}","templated":true}]}}